{"id":74621,"date":"2021-03-11T13:44:40","date_gmt":"2021-03-11T12:44:40","guid":{"rendered":"https:\/\/www.horecaexpo.be\/?page_id=74621"},"modified":"2026-03-09T13:45:28","modified_gmt":"2026-03-09T12:45:28","slug":"masterclasses-cp","status":"publish","type":"page","link":"https:\/\/www.horecaexpo.be\/fr\/technology-boulevard\/masterclasses-cp\/","title":{"rendered":"masterclasses cp"},"content":{"rendered":"\t\t<div data-elementor-type=\"wp-post\" data-elementor-id=\"74621\" class=\"elementor elementor-74621 elementor-74619\" data-elementor-post-type=\"page\">\n\t\t\t\t<div class=\"elementor-element elementor-element-3548192 e-flex e-con-boxed e-con e-parent\" data-id=\"3548192\" data-element_type=\"container\" data-settings=\"{&quot;background_background&quot;:&quot;classic&quot;}\">\n\t\t\t\t\t<div class=\"e-con-inner\">\n\t\t<div class=\"elementor-element elementor-element-3ed2c88 e-con-full e-flex e-con e-child\" data-id=\"3ed2c88\" data-element_type=\"container\">\n\t\t\t\t<div class=\"elementor-element elementor-element-5968505 elementor-widget elementor-widget-heading\" data-id=\"5968505\" data-element_type=\"widget\" data-widget_type=\"heading.default\">\n\t\t\t\t<div class=\"elementor-widget-container\">\n\t\t\t\t\t<h1 class=\"elementor-heading-title elementor-size-default\">Toujours \u00e0 la recherche de l\u2019excellence<\/h1>\t\t\t\t<\/div>\n\t\t\t\t<\/div>\n\t\t\t\t<div class=\"elementor-element elementor-element-4983146 elementor-widget elementor-widget-text-editor\" data-id=\"4983146\" data-element_type=\"widget\" data-widget_type=\"text-editor.default\">\n\t\t\t\t<div class=\"elementor-widget-container\">\n\t\t\t\t\t\t\t\t\t<p>Les <strong>Masterclasses<\/strong> offrent l\u2019occasion de d\u00e9couvrir de pr\u00e8s <strong>les derni\u00e8res tendances et techniques des grands chefs<\/strong>, avec une attention particuli\u00e8re pour <strong>l\u2019harmonie<\/strong> entre le plat et les boissons qui l\u2019accompagnent.<\/p>\n\t\t\t\t\t\t\t\t<\/div>\n\t\t\t\t<\/div>\n\t\t\t\t<\/div>\n\t\t\t\t\t<\/div>\n\t\t\t\t<\/div>\n\t\t<div class=\"elementor-element elementor-element-c8c2700 elementor-hidden-desktop elementor-hidden-laptop elementor-hidden-tablet elementor-hidden-mobile e-flex e-con-boxed e-con e-parent\" data-id=\"c8c2700\" data-element_type=\"container\">\n\t\t\t\t\t<div class=\"e-con-inner\">\n\t\t\t\t<div class=\"elementor-element elementor-element-5311e7b elementor-widget elementor-widget-heading\" data-id=\"5311e7b\" data-element_type=\"widget\" data-widget_type=\"heading.default\">\n\t\t\t\t<div class=\"elementor-widget-container\">\n\t\t\t\t\t<h2 class=\"elementor-heading-title elementor-size-default\">DIMANCHE 16 NOVEMBRE<\/h2>\t\t\t\t<\/div>\n\t\t\t\t<\/div>\n\t\t\t\t\t<\/div>\n\t\t\t\t<\/div>\n\t\t<div class=\"elementor-element elementor-element-8a72427 elementor-hidden-desktop elementor-hidden-laptop elementor-hidden-tablet elementor-hidden-mobile e-flex e-con-boxed e-con e-parent\" data-id=\"8a72427\" data-element_type=\"container\">\n\t\t\t\t\t<div class=\"e-con-inner\">\n\t\t<div class=\"elementor-element elementor-element-3013a4b e-con-full e-flex e-con e-child\" data-id=\"3013a4b\" data-element_type=\"container\">\n\t\t\t\t<div class=\"elementor-element elementor-element-9c608e3 elementor-widget elementor-widget-text-editor\" data-id=\"9c608e3\" data-element_type=\"widget\" data-widget_type=\"text-editor.default\">\n\t\t\t\t<div class=\"elementor-widget-container\">\n\t\t\t\t\t\t\t\t\t<ul>\n<li>14h00 &#8211; 14h45<\/li>\n<\/ul>\n\t\t\t\t\t\t\t\t<\/div>\n\t\t\t\t<\/div>\n\t\t\t\t<\/div>\n\t\t<div class=\"elementor-element elementor-element-85cdde7 e-con-full e-flex e-con e-child\" data-id=\"85cdde7\" data-element_type=\"container\">\n\t\t\t\t<div class=\"elementor-element elementor-element-c77ac90 elementor-widget elementor-widget-text-editor\" data-id=\"c77ac90\" data-element_type=\"widget\" data-widget_type=\"text-editor.default\">\n\t\t\t\t<div class=\"elementor-widget-container\">\n\t\t\t\t\t\t\t\t\t<p><a href=\"https:\/\/www.horecaexpo.be\/nl\/session\/masterclass-by-elke-treunen-maffood\/\" target=\"_blank\" rel=\"noopener\">Elke Treunen &#8211; Maffood<\/a><\/p>\n\t\t\t\t\t\t\t\t<\/div>\n\t\t\t\t<\/div>\n\t\t\t\t<\/div>\n\t\t\t\t\t<\/div>\n\t\t\t\t<\/div>\n\t\t<div class=\"elementor-element elementor-element-887ff61 elementor-hidden-desktop elementor-hidden-laptop elementor-hidden-tablet elementor-hidden-mobile e-flex e-con-boxed e-con e-parent\" data-id=\"887ff61\" data-element_type=\"container\">\n\t\t\t\t\t<div class=\"e-con-inner\">\n\t\t\t\t<div class=\"elementor-element elementor-element-67375fb elementor-widget elementor-widget-heading\" data-id=\"67375fb\" data-element_type=\"widget\" data-widget_type=\"heading.default\">\n\t\t\t\t<div class=\"elementor-widget-container\">\n\t\t\t\t\t<h2 class=\"elementor-heading-title elementor-size-default\">LUNDI 17 NOVEMBRE<\/h2>\t\t\t\t<\/div>\n\t\t\t\t<\/div>\n\t\t\t\t\t<\/div>\n\t\t\t\t<\/div>\n\t\t<div class=\"elementor-element elementor-element-8babc28 elementor-hidden-desktop elementor-hidden-laptop elementor-hidden-tablet elementor-hidden-mobile e-flex e-con-boxed e-con e-parent\" data-id=\"8babc28\" data-element_type=\"container\">\n\t\t\t\t\t<div class=\"e-con-inner\">\n\t\t<div class=\"elementor-element elementor-element-8d6098a e-con-full e-flex e-con e-child\" data-id=\"8d6098a\" data-element_type=\"container\">\n\t\t\t\t<div class=\"elementor-element elementor-element-50d2d6a elementor-widget elementor-widget-text-editor\" data-id=\"50d2d6a\" data-element_type=\"widget\" data-widget_type=\"text-editor.default\">\n\t\t\t\t<div class=\"elementor-widget-container\">\n\t\t\t\t\t\t\t\t\t<ul>\n<li>11h15 &#8211; 12h00<\/li>\n<li>12h30 &#8211; 13h15<\/li>\n<li>13h45 &#8211; 14h30<\/li>\n<li>15h00 &#8211; 15h45<\/li>\n<\/ul>\n\t\t\t\t\t\t\t\t<\/div>\n\t\t\t\t<\/div>\n\t\t\t\t<\/div>\n\t\t<div class=\"elementor-element elementor-element-5f765b0 e-con-full e-flex e-con e-child\" data-id=\"5f765b0\" data-element_type=\"container\">\n\t\t\t\t<div class=\"elementor-element elementor-element-0cc96e0 elementor-widget elementor-widget-text-editor\" data-id=\"0cc96e0\" data-element_type=\"widget\" data-widget_type=\"text-editor.default\">\n\t\t\t\t<div class=\"elementor-widget-container\">\n\t\t\t\t\t\t\t\t\t<p><a href=\"https:\/\/www.horecaexpo.be\/nl\/session\/masterclass-by-gaultmillau-5\/\" target=\"_blank\" rel=\"noopener\">Joachim Andries &#8211; DOOR73<\/a><br \/><a href=\"https:\/\/www.horecaexpo.be\/nl\/session\/masterclass-by-lady-chef-of-the-year-2\/\" target=\"_blank\" rel=\"noopener\">Masterclass by Lady Chef of the Year\u00a0<\/a><br \/><a href=\"https:\/\/www.horecaexpo.be\/nl\/session\/masterclass-by-gaultmillau-4\/\" target=\"_blank\" rel=\"noopener\">Jean-Philippe De Pessemier &#8211; Restaurant Jean-Philippe<\/a><br \/><a href=\"https:\/\/www.horecaexpo.be\/nl\/session\/masterclass-by-timon-michiels-carcasse\/\" target=\"_blank\" rel=\"noopener\">Timon Michiels &#8211; Carcasse<\/a><\/p>\n\t\t\t\t\t\t\t\t<\/div>\n\t\t\t\t<\/div>\n\t\t\t\t<\/div>\n\t\t\t\t\t<\/div>\n\t\t\t\t<\/div>\n\t\t<div class=\"elementor-element elementor-element-1e43f47 elementor-hidden-desktop elementor-hidden-laptop elementor-hidden-tablet elementor-hidden-mobile e-flex e-con-boxed e-con e-parent\" data-id=\"1e43f47\" data-element_type=\"container\">\n\t\t\t\t\t<div class=\"e-con-inner\">\n\t\t\t\t<div class=\"elementor-element elementor-element-8857bd0 elementor-widget elementor-widget-heading\" data-id=\"8857bd0\" data-element_type=\"widget\" data-widget_type=\"heading.default\">\n\t\t\t\t<div class=\"elementor-widget-container\">\n\t\t\t\t\t<h2 class=\"elementor-heading-title elementor-size-default\">MARDI 18 NOVEMBRE<\/h2>\t\t\t\t<\/div>\n\t\t\t\t<\/div>\n\t\t\t\t\t<\/div>\n\t\t\t\t<\/div>\n\t\t<div class=\"elementor-element elementor-element-afe22a2 elementor-hidden-desktop elementor-hidden-laptop elementor-hidden-tablet elementor-hidden-mobile e-flex e-con-boxed e-con e-parent\" data-id=\"afe22a2\" data-element_type=\"container\">\n\t\t\t\t\t<div class=\"e-con-inner\">\n\t\t<div class=\"elementor-element elementor-element-c535b84 e-con-full e-flex e-con e-child\" data-id=\"c535b84\" data-element_type=\"container\">\n\t\t\t\t<div class=\"elementor-element elementor-element-0d4f92c elementor-widget elementor-widget-text-editor\" data-id=\"0d4f92c\" data-element_type=\"widget\" data-widget_type=\"text-editor.default\">\n\t\t\t\t<div class=\"elementor-widget-container\">\n\t\t\t\t\t\t\t\t\t<ul>\n<li>11h15 &#8211; 12h00<\/li>\n<li>12h30 &#8211; 13h15<\/li>\n<li>13h45 &#8211; 14h30<\/li>\n<li>15h00 &#8211; 15h45<\/li>\n<\/ul>\n\t\t\t\t\t\t\t\t<\/div>\n\t\t\t\t<\/div>\n\t\t\t\t<\/div>\n\t\t<div class=\"elementor-element elementor-element-b17da2f e-con-full e-flex e-con e-child\" data-id=\"b17da2f\" data-element_type=\"container\">\n\t\t\t\t<div class=\"elementor-element elementor-element-40d301f elementor-widget elementor-widget-text-editor\" data-id=\"40d301f\" data-element_type=\"widget\" data-widget_type=\"text-editor.default\">\n\t\t\t\t<div class=\"elementor-widget-container\">\n\t\t\t\t\t\t\t\t\t<p><a href=\"https:\/\/www.horecaexpo.be\/nl\/session\/masterclass-by-eurofoodart\/\" target=\"_blank\" rel=\"noopener\">Masterclass by Eurofoodart<\/a><br \/><a href=\"https:\/\/www.horecaexpo.be\/nl\/session\/masterclass-by-club-prosper-montagne-2\/\" target=\"_blank\" rel=\"noopener\">Masterclass by Prosper Montagn\u00e9\u00a0<\/a><br \/><a href=\"https:\/\/www.horecaexpo.be\/nl\/session\/masterclass-by-club-prosper-montagne-3\/\" target=\"_blank\" rel=\"noopener\">Masterclass by Prosper Montagn\u00e9<\/a><br \/><a href=\"https:\/\/www.horecaexpo.be\/nl\/session\/masterclass-by-spadel-bru\/\" target=\"_blank\" rel=\"noopener\">Masterclass by Spadel | Bru<\/a><\/p>\n\t\t\t\t\t\t\t\t<\/div>\n\t\t\t\t<\/div>\n\t\t\t\t<\/div>\n\t\t\t\t\t<\/div>\n\t\t\t\t<\/div>\n\t\t<div class=\"elementor-element elementor-element-bb746a1 elementor-hidden-desktop elementor-hidden-laptop elementor-hidden-tablet elementor-hidden-mobile e-flex e-con-boxed e-con e-parent\" data-id=\"bb746a1\" data-element_type=\"container\">\n\t\t\t\t\t<div class=\"e-con-inner\">\n\t\t\t\t<div class=\"elementor-element elementor-element-64528f5 elementor-widget elementor-widget-heading\" data-id=\"64528f5\" data-element_type=\"widget\" data-widget_type=\"heading.default\">\n\t\t\t\t<div class=\"elementor-widget-container\">\n\t\t\t\t\t<h2 class=\"elementor-heading-title elementor-size-default\">mercredi 19 NOVEMBRE<\/h2>\t\t\t\t<\/div>\n\t\t\t\t<\/div>\n\t\t\t\t\t<\/div>\n\t\t\t\t<\/div>\n\t\t<div class=\"elementor-element elementor-element-aa02d78 elementor-hidden-desktop elementor-hidden-laptop elementor-hidden-tablet elementor-hidden-mobile e-flex e-con-boxed e-con e-parent\" data-id=\"aa02d78\" data-element_type=\"container\">\n\t\t\t\t\t<div class=\"e-con-inner\">\n\t\t<div class=\"elementor-element elementor-element-e9cdf6d e-con-full e-flex e-con e-child\" data-id=\"e9cdf6d\" data-element_type=\"container\">\n\t\t\t\t<div class=\"elementor-element elementor-element-eac6555 elementor-widget elementor-widget-text-editor\" data-id=\"eac6555\" data-element_type=\"widget\" data-widget_type=\"text-editor.default\">\n\t\t\t\t<div class=\"elementor-widget-container\">\n\t\t\t\t\t\t\t\t\t<ul>\n<li>11h00 &#8211; 11h45<\/li>\n<li>12h15 &#8211; 13h00<\/li>\n<li>13h30 &#8211; 14h15<\/li>\n<li>14h45 &#8211; 15h30<\/li>\n<\/ul>\n\t\t\t\t\t\t\t\t<\/div>\n\t\t\t\t<\/div>\n\t\t\t\t<\/div>\n\t\t<div class=\"elementor-element elementor-element-ed54edd e-con-full e-flex e-con e-child\" data-id=\"ed54edd\" data-element_type=\"container\">\n\t\t\t\t<div class=\"elementor-element elementor-element-e811e3d elementor-widget elementor-widget-text-editor\" data-id=\"e811e3d\" data-element_type=\"widget\" data-widget_type=\"text-editor.default\">\n\t\t\t\t<div class=\"elementor-widget-container\">\n\t\t\t\t\t\t\t\t\t<p><a href=\"https:\/\/www.horecaexpo.be\/nl\/session\/masterclass-by-nicolas-de-cloedt-humus-hortense\/\" target=\"_blank\" rel=\"noopener\">Nicolas De Cloedt &#8211; Humus x Hortense<\/a><br \/><a href=\"https:\/\/www.horecaexpo.be\/nl\/session\/masterclass-by-tanguy-de-turck-le-vieux-chateau\/\" target=\"_blank\" rel=\"noopener\">Tanguy De Turck &#8211; Le Vieux Ch\u00e2teau<\/a><br \/><a href=\"https:\/\/www.horecaexpo.be\/nl\/session\/masterclass-by-benoit-dewitte\/\" target=\"_blank\" rel=\"noopener\">Benoit De Witte x Pastrytect<\/a><br \/><a href=\"https:\/\/www.horecaexpo.be\/nl\/session\/masterclass-by-gaultmillau-6\/\" target=\"_blank\" rel=\"noopener\">Giel Meewis &#8211; Slagmolen<\/a><\/p>\n\t\t\t\t\t\t\t\t<\/div>\n\t\t\t\t<\/div>\n\t\t\t\t<\/div>\n\t\t\t\t\t<\/div>\n\t\t\t\t<\/div>\n\t\t<div class=\"elementor-element elementor-element-11fde70 e-flex e-con-boxed e-con e-parent\" data-id=\"11fde70\" data-element_type=\"container\">\n\t\t\t\t\t<div class=\"e-con-inner\">\n\t\t<div class=\"elementor-element elementor-element-f91099b e-con-full e-flex e-con e-child\" data-id=\"f91099b\" data-element_type=\"container\">\n\t\t\t\t<div class=\"elementor-element elementor-element-9086ebb elementor-skin-carousel elementor-arrows-yes elementor-widget elementor-widget-media-carousel\" data-id=\"9086ebb\" data-element_type=\"widget\" data-settings=\"{&quot;slides_per_view&quot;:&quot;3&quot;,&quot;space_between&quot;:{&quot;unit&quot;:&quot;px&quot;,&quot;size&quot;:40,&quot;sizes&quot;:[]},&quot;skin&quot;:&quot;carousel&quot;,&quot;effect&quot;:&quot;slide&quot;,&quot;show_arrows&quot;:&quot;yes&quot;,&quot;speed&quot;:500,&quot;autoplay&quot;:&quot;yes&quot;,&quot;autoplay_speed&quot;:5000,&quot;loop&quot;:&quot;yes&quot;,&quot;pause_on_hover&quot;:&quot;yes&quot;,&quot;pause_on_interaction&quot;:&quot;yes&quot;,&quot;space_between_laptop&quot;:{&quot;unit&quot;:&quot;px&quot;,&quot;size&quot;:10,&quot;sizes&quot;:[]},&quot;space_between_tablet&quot;:{&quot;unit&quot;:&quot;px&quot;,&quot;size&quot;:10,&quot;sizes&quot;:[]},&quot;space_between_mobile&quot;:{&quot;unit&quot;:&quot;px&quot;,&quot;size&quot;:10,&quot;sizes&quot;:[]}}\" data-widget_type=\"media-carousel.default\">\n\t\t\t\t<div class=\"elementor-widget-container\">\n\t\t\t\t\t\t\t\t\t<div class=\"elementor-swiper\">\n\t\t\t\t\t<div class=\"elementor-main-swiper swiper\" role=\"region\" aria-roledescription=\"carousel\" aria-label=\"Slides\">\n\t\t\t\t<div class=\"swiper-wrapper\">\n\t\t\t\t\t\t\t\t\t\t\t<div class=\"swiper-slide\" role=\"group\" aria-roledescription=\"slide\">\n\t\t\t\t\t\t\t\t\t<div class=\"elementor-carousel-image\" role=\"img\" aria-label=\"Masterclass\" style=\"background-image: url(&#039;https:\/\/easyfairsassets.com\/sites\/388\/2022\/12\/Masterclass-3.jpg&#039;)\">\n\n\t\t\t\n\t\t\t\t\t<\/div>\n\t\t\t\t\t\t\t\t<\/div>\n\t\t\t\t\t\t\t\t\t\t\t<div class=\"swiper-slide\" role=\"group\" aria-roledescription=\"slide\">\n\t\t\t\t\t\t\t\t\t<div class=\"elementor-carousel-image\" role=\"img\" aria-label=\"Masterclass 1\" style=\"background-image: url(&#039;https:\/\/easyfairsassets.com\/sites\/388\/2022\/12\/Masterclass-1.jpg&#039;)\">\n\n\t\t\t\n\t\t\t\t\t<\/div>\n\t\t\t\t\t\t\t\t<\/div>\n\t\t\t\t\t\t\t\t\t\t\t<div class=\"swiper-slide\" role=\"group\" aria-roledescription=\"slide\">\n\t\t\t\t\t\t\t\t\t<div class=\"elementor-carousel-image\" role=\"img\" aria-label=\"Masterclass 6\" style=\"background-image: url(&#039;https:\/\/easyfairsassets.com\/sites\/388\/2022\/12\/Masterclass-6.jpg&#039;)\">\n\n\t\t\t\n\t\t\t\t\t<\/div>\n\t\t\t\t\t\t\t\t<\/div>\n\t\t\t\t\t\t\t\t\t\t\t<div class=\"swiper-slide\" role=\"group\" aria-roledescription=\"slide\">\n\t\t\t\t\t\t\t\t\t<div class=\"elementor-carousel-image\" role=\"img\" aria-label=\"Masterclass\" style=\"background-image: url(&#039;https:\/\/easyfairsassets.com\/sites\/388\/2023\/05\/Masterclass-9.jpg&#039;)\">\n\n\t\t\t\n\t\t\t\t\t<\/div>\n\t\t\t\t\t\t\t\t<\/div>\n\t\t\t\t\t\t\t\t\t\t\t<div class=\"swiper-slide\" role=\"group\" aria-roledescription=\"slide\">\n\t\t\t\t\t\t\t\t\t<div class=\"elementor-carousel-image\" role=\"img\" aria-label=\"Masterclass\" style=\"background-image: url(&#039;https:\/\/easyfairsassets.com\/sites\/388\/2022\/12\/Masterclass-5.jpg&#039;)\">\n\n\t\t\t\n\t\t\t\t\t<\/div>\n\t\t\t\t\t\t\t\t<\/div>\n\t\t\t\t\t\t\t\t\t\t\t<div class=\"swiper-slide\" role=\"group\" aria-roledescription=\"slide\">\n\t\t\t\t\t\t\t\t\t<div class=\"elementor-carousel-image\" role=\"img\" aria-label=\"Masterclass 4\" style=\"background-image: url(&#039;https:\/\/easyfairsassets.com\/sites\/388\/2022\/12\/Masterclass-4.jpg&#039;)\">\n\n\t\t\t\n\t\t\t\t\t<\/div>\n\t\t\t\t\t\t\t\t<\/div>\n\t\t\t\t\t\t\t\t\t\t\t<div class=\"swiper-slide\" role=\"group\" aria-roledescription=\"slide\">\n\t\t\t\t\t\t\t\t\t<div class=\"elementor-carousel-image\" role=\"img\" aria-label=\"Masterclass\" style=\"background-image: url(&#039;https:\/\/easyfairsassets.com\/sites\/388\/2022\/12\/Masterclass-7.jpg&#039;)\">\n\n\t\t\t\n\t\t\t\t\t<\/div>\n\t\t\t\t\t\t\t\t<\/div>\n\t\t\t\t\t\t\t\t\t\t\t<div class=\"swiper-slide\" role=\"group\" aria-roledescription=\"slide\">\n\t\t\t\t\t\t\t\t\t<div class=\"elementor-carousel-image\" role=\"img\" aria-label=\"Masterclass\" style=\"background-image: url(&#039;https:\/\/easyfairsassets.com\/sites\/388\/2023\/05\/Masterclass-8.jpg&#039;)\">\n\n\t\t\t\n\t\t\t\t\t<\/div>\n\t\t\t\t\t\t\t\t<\/div>\n\t\t\t\t\t\t\t\t\t<\/div>\n\t\t\t\t\t\t\t\t\t\t\t\t\t\t\t<div class=\"elementor-swiper-button elementor-swiper-button-prev\" role=\"button\" tabindex=\"0\" aria-label=\"Previous\">\n\t\t\t\t\t\t\t<i aria-hidden=\"true\" class=\"eicon-chevron-left\"><\/i>\t\t\t\t\t\t<\/div>\n\t\t\t\t\t\t<div class=\"elementor-swiper-button elementor-swiper-button-next\" role=\"button\" tabindex=\"0\" aria-label=\"Next\">\n\t\t\t\t\t\t\t<i aria-hidden=\"true\" class=\"eicon-chevron-right\"><\/i>\t\t\t\t\t\t<\/div>\n\t\t\t\t\t\t\t\t\t\t\t\t\t\t\t\t\t<\/div>\n\t\t\t\t<\/div>\n\t\t\t\t\t\t\t\t<\/div>\n\t\t\t\t<\/div>\n\t\t\t\t<\/div>\n\t\t\t\t\t<\/div>\n\t\t\t\t<\/div>\n\t\t\t\t<\/div>\n\t\t","protected":false},"excerpt":{"rendered":"<p>Toujours \u00e0 la recherche de l\u2019excellence Les Masterclasses offrent l\u2019occasion de d\u00e9couvrir de pr\u00e8s les derni\u00e8res tendances et techniques des grands chefs, avec une attention particuli\u00e8re pour l\u2019harmonie entre le plat et les boissons qui l\u2019accompagnent. DIMANCHE 16 NOVEMBRE 14h00 &#8211; 14h45 Elke Treunen &#8211; Maffood LUNDI 17 NOVEMBRE 11h15 &#8211; 12h00 12h30 &#8211; 13h15 [&hellip;]<\/p>\n","protected":false},"author":44,"featured_media":0,"parent":1921,"menu_order":0,"comment_status":"closed","ping_status":"closed","template":"","meta":{"_seopress_robots_primary_cat":"","_seopress_titles_title":"Masterclasses quotidiens \u00e0 Chef's Place par des grands chefs.","_seopress_titles_desc":"Suivez de pr\u00e8s les derni\u00e8res tendances et les techniques des grands chefs.","_seopress_robots_index":"","footnotes":""},"class_list":["post-74621","page","type-page","status-publish","hentry"],"_links":{"self":[{"href":"https:\/\/www.horecaexpo.be\/fr\/wp-json\/wp\/v2\/pages\/74621","targetHints":{"allow":["GET"]}}],"collection":[{"href":"https:\/\/www.horecaexpo.be\/fr\/wp-json\/wp\/v2\/pages"}],"about":[{"href":"https:\/\/www.horecaexpo.be\/fr\/wp-json\/wp\/v2\/types\/page"}],"author":[{"embeddable":true,"href":"https:\/\/www.horecaexpo.be\/fr\/wp-json\/wp\/v2\/users\/44"}],"replies":[{"embeddable":true,"href":"https:\/\/www.horecaexpo.be\/fr\/wp-json\/wp\/v2\/comments?post=74621"}],"version-history":[{"count":3,"href":"https:\/\/www.horecaexpo.be\/fr\/wp-json\/wp\/v2\/pages\/74621\/revisions"}],"predecessor-version":[{"id":283943,"href":"https:\/\/www.horecaexpo.be\/fr\/wp-json\/wp\/v2\/pages\/74621\/revisions\/283943"}],"up":[{"embeddable":true,"href":"https:\/\/www.horecaexpo.be\/fr\/wp-json\/wp\/v2\/pages\/1921"}],"wp:attachment":[{"href":"https:\/\/www.horecaexpo.be\/fr\/wp-json\/wp\/v2\/media?parent=74621"}],"curies":[{"name":"wp","href":"https:\/\/api.w.org\/{rel}","templated":true}]}}