{"id":74615,"date":"2021-03-11T13:42:39","date_gmt":"2021-03-11T12:42:39","guid":{"rendered":"https:\/\/www.horecaexpo.be\/?page_id=74615"},"modified":"2025-11-27T16:14:51","modified_gmt":"2025-11-27T15:14:51","slug":"decouvrir-cp","status":"publish","type":"page","link":"https:\/\/www.horecaexpo.be\/fr\/decouvrir-cp\/","title":{"rendered":"d\u00e9couvrir cp"},"content":{"rendered":"\t\t<div data-elementor-type=\"wp-post\" data-elementor-id=\"74615\" class=\"elementor elementor-74615 elementor-74613\" data-elementor-post-type=\"page\">\n\t\t\t\t<div class=\"elementor-element elementor-element-13ebfac e-flex e-con-boxed e-con e-parent\" data-id=\"13ebfac\" data-element_type=\"container\" data-settings=\"{&quot;background_background&quot;:&quot;classic&quot;}\">\n\t\t\t\t\t<div class=\"e-con-inner\">\n\t\t<div class=\"elementor-element elementor-element-3c19760 e-con-full e-flex e-con e-child\" data-id=\"3c19760\" data-element_type=\"container\" data-settings=\"{&quot;background_background&quot;:&quot;classic&quot;}\">\n\t\t\t\t<div class=\"elementor-element elementor-element-5b2dc6e elementor-widget elementor-widget-image\" data-id=\"5b2dc6e\" data-element_type=\"widget\" data-widget_type=\"image.default\">\n\t\t\t\t<div class=\"elementor-widget-container\">\n\t\t\t\t\t\t\t\t\t\t\t\t\t\t\t<img fetchpriority=\"high\" decoding=\"async\" width=\"1920\" height=\"1920\" src=\"https:\/\/easyfairsassets.com\/sites\/388\/2025\/11\/03-LOGO-FLANDERS-EXPO.png\" class=\"attachment-full size-full wp-image-282938\" alt=\"\" srcset=\"https:\/\/easyfairsassets.com\/sites\/388\/2025\/11\/03-LOGO-FLANDERS-EXPO.png 1920w, https:\/\/easyfairsassets.com\/sites\/388\/2025\/11\/03-LOGO-FLANDERS-EXPO-300x300.png 300w, https:\/\/easyfairsassets.com\/sites\/388\/2025\/11\/03-LOGO-FLANDERS-EXPO-1024x1024.png 1024w, https:\/\/easyfairsassets.com\/sites\/388\/2025\/11\/03-LOGO-FLANDERS-EXPO-150x150.png 150w, https:\/\/easyfairsassets.com\/sites\/388\/2025\/11\/03-LOGO-FLANDERS-EXPO-768x768.png 768w, https:\/\/easyfairsassets.com\/sites\/388\/2025\/11\/03-LOGO-FLANDERS-EXPO-1536x1536.png 1536w\" sizes=\"(max-width: 1920px) 100vw, 1920px\" \/>\t\t\t\t\t\t\t\t\t\t\t\t\t\t\t<\/div>\n\t\t\t\t<\/div>\n\t\t\t\t<\/div>\n\t\t\t\t\t<\/div>\n\t\t\t\t<\/div>\n\t\t<div class=\"elementor-element elementor-element-41962cf e-flex e-con-boxed e-con e-parent\" data-id=\"41962cf\" data-element_type=\"container\" data-settings=\"{&quot;background_background&quot;:&quot;classic&quot;}\">\n\t\t\t\t\t<div class=\"e-con-inner\">\n\t\t\t\t<div class=\"elementor-element elementor-element-b5b8c3a elementor-nav-menu__align-center elementor-nav-menu--dropdown-none elementor-widget elementor-widget-nav-menu\" data-id=\"b5b8c3a\" data-element_type=\"widget\" data-settings=\"{&quot;submenu_icon&quot;:{&quot;value&quot;:&quot;&lt;i class=\\&quot;fas fa-chevron-down\\&quot; aria-hidden=\\&quot;true\\&quot;&gt;&lt;\\\/i&gt;&quot;,&quot;library&quot;:&quot;fa-solid&quot;},&quot;layout&quot;:&quot;horizontal&quot;}\" data-widget_type=\"nav-menu.default\">\n\t\t\t\t<div class=\"elementor-widget-container\">\n\t\t\t\t\t\t\t\t<nav aria-label=\"Menu\" class=\"elementor-nav-menu--main elementor-nav-menu__container elementor-nav-menu--layout-horizontal e--pointer-underline e--animation-fade\">\n\t\t\t\t<ul id=\"menu-1-b5b8c3a\" class=\"elementor-nav-menu\"><li class=\"menu-item menu-item-type-post_type menu-item-object-page menu-item-213816\"><a href=\"https:\/\/www.horecaexpo.be\/fr\/decouvrir-cp\/\" class=\"elementor-item\">D\u00e9couvrir<\/a><\/li>\n<li class=\"menu-item menu-item-type-post_type menu-item-object-page menu-item-213817\"><a href=\"https:\/\/www.horecaexpo.be\/fr\/technology-boulevard\/masterclasses-cp\/\" class=\"elementor-item\">Masterclasses<\/a><\/li>\n<li class=\"menu-item menu-item-type-post_type menu-item-object-page menu-item-213815\"><a href=\"https:\/\/www.horecaexpo.be\/fr\/liste-dexposants-chefs-place\/\" class=\"elementor-item\">Liste des exposants<\/a><\/li>\n<li class=\"menu-item menu-item-type-post_type menu-item-object-page menu-item-213819\"><a href=\"https:\/\/www.horecaexpo.be\/fr\/technology-boulevard\/participer-cp\/\" class=\"elementor-item\">Participer<\/a><\/li>\n<li class=\"menu-item menu-item-type-post_type menu-item-object-page menu-item-home menu-item-213818\"><a href=\"https:\/\/www.horecaexpo.be\/fr\/\" class=\"elementor-item\">Horeca expo<\/a><\/li>\n<\/ul>\t\t\t<\/nav>\n\t\t\t\t\t\t<nav class=\"elementor-nav-menu--dropdown elementor-nav-menu__container\" aria-hidden=\"true\">\n\t\t\t\t<ul id=\"menu-2-b5b8c3a\" class=\"elementor-nav-menu\"><li class=\"menu-item menu-item-type-post_type menu-item-object-page menu-item-213816\"><a href=\"https:\/\/www.horecaexpo.be\/fr\/decouvrir-cp\/\" class=\"elementor-item\" tabindex=\"-1\">D\u00e9couvrir<\/a><\/li>\n<li class=\"menu-item menu-item-type-post_type menu-item-object-page menu-item-213817\"><a href=\"https:\/\/www.horecaexpo.be\/fr\/technology-boulevard\/masterclasses-cp\/\" class=\"elementor-item\" tabindex=\"-1\">Masterclasses<\/a><\/li>\n<li class=\"menu-item menu-item-type-post_type menu-item-object-page menu-item-213815\"><a href=\"https:\/\/www.horecaexpo.be\/fr\/liste-dexposants-chefs-place\/\" class=\"elementor-item\" tabindex=\"-1\">Liste des exposants<\/a><\/li>\n<li class=\"menu-item menu-item-type-post_type menu-item-object-page menu-item-213819\"><a href=\"https:\/\/www.horecaexpo.be\/fr\/technology-boulevard\/participer-cp\/\" class=\"elementor-item\" tabindex=\"-1\">Participer<\/a><\/li>\n<li class=\"menu-item menu-item-type-post_type menu-item-object-page menu-item-home menu-item-213818\"><a href=\"https:\/\/www.horecaexpo.be\/fr\/\" class=\"elementor-item\" tabindex=\"-1\">Horeca expo<\/a><\/li>\n<\/ul>\t\t\t<\/nav>\n\t\t\t\t\t\t<\/div>\n\t\t\t\t<\/div>\n\t\t\t\t\t<\/div>\n\t\t\t\t<\/div>\n\t\t<div class=\"elementor-element elementor-element-470832b e-flex e-con-boxed e-con e-parent\" data-id=\"470832b\" data-element_type=\"container\" data-settings=\"{&quot;background_background&quot;:&quot;classic&quot;}\">\n\t\t\t\t\t<div class=\"e-con-inner\">\n\t\t<div class=\"elementor-element elementor-element-eeb7b97 e-con-full e-flex e-con e-child\" data-id=\"eeb7b97\" data-element_type=\"container\">\n\t\t\t\t<div class=\"elementor-element elementor-element-dc9dcc6 elementor-widget elementor-widget-text-editor\" data-id=\"dc9dcc6\" data-element_type=\"widget\" data-widget_type=\"text-editor.default\">\n\t\t\t\t<div class=\"elementor-widget-container\">\n\t\t\t\t\t\t\t\t\t<p>Dans le hall 8, Chef&rsquo;s Place est une <strong>zone d&rsquo;exp\u00e9rience unique<\/strong> dans un cadre atmosph\u00e9rique o\u00f9 un nombre restreint d&rsquo;exposants proposent une gamme de produits de qualit\u00e9, vins, spiritueux, tableware et d\u00e9coration.<\/p>\n<p>Ici, tout tourne autour de <strong>l&rsquo;essence du produit<\/strong> : pur, honn\u00eate mais haut de gamme. Une grande importance est accord\u00e9e aux produits ayant une <strong>approche locale<\/strong> et \u00e0 l&rsquo;attention croissante port\u00e9e \u00e0 l&#8217;empreinte locale et \u00e0 la cha\u00eene courte. En outre, l&rsquo;accent est mis sur les sens. Une visite \u00e0 Chef&rsquo;s Place sera une exp\u00e9rience dans laquelle <strong>tous les sens<\/strong> seront stimul\u00e9s.<\/p>\n<p>Chef&rsquo;s Place n&rsquo;est accessible que<strong> sur invitation<\/strong>.<\/p>\n\t\t\t\t\t\t\t\t<\/div>\n\t\t\t\t<\/div>\n\t\t\t\t<\/div>\n\t\t<div class=\"elementor-element elementor-element-f0ffdf1 e-con-full e-flex e-con e-child\" data-id=\"f0ffdf1\" data-element_type=\"container\">\n\t\t\t\t<div class=\"elementor-element elementor-element-4255af9 elementor-widget elementor-widget-image\" data-id=\"4255af9\" data-element_type=\"widget\" data-widget_type=\"image.default\">\n\t\t\t\t<div class=\"elementor-widget-container\">\n\t\t\t\t\t\t\t\t\t\t\t\t\t\t\t<img decoding=\"async\" width=\"494\" height=\"528\" src=\"https:\/\/easyfairsassets.com\/sites\/388\/2025\/02\/Group-114.png\" class=\"attachment-large size-large wp-image-247668\" alt=\"\" srcset=\"https:\/\/easyfairsassets.com\/sites\/388\/2025\/02\/Group-114.png 494w, https:\/\/easyfairsassets.com\/sites\/388\/2025\/02\/Group-114-281x300.png 281w\" sizes=\"(max-width: 494px) 100vw, 494px\" \/>\t\t\t\t\t\t\t\t\t\t\t\t\t\t\t<\/div>\n\t\t\t\t<\/div>\n\t\t\t\t<\/div>\n\t\t\t\t\t<\/div>\n\t\t\t\t<\/div>\n\t\t<div class=\"elementor-element elementor-element-c0a0cf4 e-flex e-con-boxed e-con e-parent\" data-id=\"c0a0cf4\" data-element_type=\"container\">\n\t\t\t\t\t<div class=\"e-con-inner\">\n\t\t<div class=\"elementor-element elementor-element-719c621 e-con-full e-flex e-con e-child\" data-id=\"719c621\" data-element_type=\"container\">\n\t\t\t\t<div class=\"elementor-element elementor-element-44a9afe elementor-skin-carousel elementor-arrows-yes elementor-widget elementor-widget-media-carousel\" data-id=\"44a9afe\" data-element_type=\"widget\" data-settings=\"{&quot;slides_per_view&quot;:&quot;4&quot;,&quot;slides_to_scroll&quot;:&quot;1&quot;,&quot;slides_per_view_laptop&quot;:&quot;4&quot;,&quot;slides_per_view_tablet&quot;:&quot;2&quot;,&quot;slides_to_scroll_laptop&quot;:&quot;1&quot;,&quot;slides_to_scroll_tablet&quot;:&quot;1&quot;,&quot;skin&quot;:&quot;carousel&quot;,&quot;effect&quot;:&quot;slide&quot;,&quot;show_arrows&quot;:&quot;yes&quot;,&quot;speed&quot;:500,&quot;autoplay&quot;:&quot;yes&quot;,&quot;autoplay_speed&quot;:5000,&quot;loop&quot;:&quot;yes&quot;,&quot;space_between&quot;:{&quot;unit&quot;:&quot;px&quot;,&quot;size&quot;:10,&quot;sizes&quot;:[]},&quot;space_between_laptop&quot;:{&quot;unit&quot;:&quot;px&quot;,&quot;size&quot;:10,&quot;sizes&quot;:[]},&quot;space_between_tablet&quot;:{&quot;unit&quot;:&quot;px&quot;,&quot;size&quot;:10,&quot;sizes&quot;:[]},&quot;space_between_mobile&quot;:{&quot;unit&quot;:&quot;px&quot;,&quot;size&quot;:10,&quot;sizes&quot;:[]}}\" data-widget_type=\"media-carousel.default\">\n\t\t\t\t<div class=\"elementor-widget-container\">\n\t\t\t\t\t\t\t\t\t<div class=\"elementor-swiper\">\n\t\t\t\t\t<div class=\"elementor-main-swiper swiper\" role=\"region\" aria-roledescription=\"carousel\" aria-label=\"Slides\">\n\t\t\t\t<div class=\"swiper-wrapper\">\n\t\t\t\t\t\t\t\t\t\t\t<div class=\"swiper-slide\" role=\"group\" aria-roledescription=\"slide\">\n\t\t\t\t\t\t\t<a href=\"https:\/\/easyfairsassets.com\/sites\/388\/2022\/12\/Masterclass-3.jpg\" data-elementor-open-lightbox=\"yes\" data-elementor-lightbox-slideshow=\"44a9afe\" data-elementor-lightbox-title=\"Masterclass\" data-elementor-lightbox-description=\"Masterclass 3\" data-e-action-hash=\"#elementor-action%3Aaction%3Dlightbox%26settings%3DeyJpZCI6MTU5NTIwLCJ1cmwiOiJodHRwczpcL1wvaG9yZWNhLWV4cG8tbmV3LmVhc3lmYWlycy5uZXR3b3JrXC93cC1jb250ZW50XC91cGxvYWRzXC9zaXRlc1wvMzg4XC8yMDIyXC8xMlwvTWFzdGVyY2xhc3MtMy5qcGciLCJzbGlkZXNob3ciOiI0NGE5YWZlIn0%3D\">\t\t<div class=\"elementor-carousel-image\" role=\"img\" aria-label=\"Masterclass\" style=\"background-image: url(&#039;https:\/\/easyfairsassets.com\/sites\/388\/2022\/12\/Masterclass-3.jpg&#039;)\">\n\n\t\t\t\n\t\t\t\t\t<\/div>\n\t\t<\/a>\t\t\t\t\t\t<\/div>\n\t\t\t\t\t\t\t\t\t\t\t<div class=\"swiper-slide\" role=\"group\" aria-roledescription=\"slide\">\n\t\t\t\t\t\t\t<a href=\"https:\/\/easyfairsassets.com\/sites\/388\/2022\/12\/Chefs-Place-8.jpg\" data-elementor-open-lightbox=\"yes\" data-elementor-lightbox-slideshow=\"44a9afe\" data-elementor-lightbox-title=\"Chef&#039;s Place\" data-e-action-hash=\"#elementor-action%3Aaction%3Dlightbox%26settings%3DeyJpZCI6MTU5NTU1LCJ1cmwiOiJodHRwczpcL1wvaG9yZWNhLWV4cG8tbmV3LmVhc3lmYWlycy5uZXR3b3JrXC93cC1jb250ZW50XC91cGxvYWRzXC9zaXRlc1wvMzg4XC8yMDIyXC8xMlwvQ2hlZnMtUGxhY2UtOC5qcGciLCJzbGlkZXNob3ciOiI0NGE5YWZlIn0%3D\">\t\t<div class=\"elementor-carousel-image\" role=\"img\" aria-label=\"Chef&#039;s Place\" style=\"background-image: url(&#039;https:\/\/easyfairsassets.com\/sites\/388\/2022\/12\/Chefs-Place-8.jpg&#039;)\">\n\n\t\t\t\n\t\t\t\t\t<\/div>\n\t\t<\/a>\t\t\t\t\t\t<\/div>\n\t\t\t\t\t\t\t\t\t\t\t<div class=\"swiper-slide\" role=\"group\" aria-roledescription=\"slide\">\n\t\t\t\t\t\t\t<a href=\"https:\/\/easyfairsassets.com\/sites\/388\/2022\/12\/Chefs-Place-7.jpg\" data-elementor-open-lightbox=\"yes\" data-elementor-lightbox-slideshow=\"44a9afe\" data-elementor-lightbox-title=\"Chef&#039;s Place\" data-e-action-hash=\"#elementor-action%3Aaction%3Dlightbox%26settings%3DeyJpZCI6MTU5NTUzLCJ1cmwiOiJodHRwczpcL1wvaG9yZWNhLWV4cG8tbmV3LmVhc3lmYWlycy5uZXR3b3JrXC93cC1jb250ZW50XC91cGxvYWRzXC9zaXRlc1wvMzg4XC8yMDIyXC8xMlwvQ2hlZnMtUGxhY2UtNy5qcGciLCJzbGlkZXNob3ciOiI0NGE5YWZlIn0%3D\">\t\t<div class=\"elementor-carousel-image\" role=\"img\" aria-label=\"Chef&#039;s Place\" style=\"background-image: url(&#039;https:\/\/easyfairsassets.com\/sites\/388\/2022\/12\/Chefs-Place-7.jpg&#039;)\">\n\n\t\t\t\n\t\t\t\t\t<\/div>\n\t\t<\/a>\t\t\t\t\t\t<\/div>\n\t\t\t\t\t\t\t\t\t\t\t<div class=\"swiper-slide\" role=\"group\" aria-roledescription=\"slide\">\n\t\t\t\t\t\t\t<a href=\"https:\/\/easyfairsassets.com\/sites\/388\/2022\/12\/Chefs-Place-3.jpg\" data-elementor-open-lightbox=\"yes\" data-elementor-lightbox-slideshow=\"44a9afe\" data-elementor-lightbox-title=\"Chef&#039;s Place\" data-e-action-hash=\"#elementor-action%3Aaction%3Dlightbox%26settings%3DeyJpZCI6MTU5NTQ1LCJ1cmwiOiJodHRwczpcL1wvaG9yZWNhLWV4cG8tbmV3LmVhc3lmYWlycy5uZXR3b3JrXC93cC1jb250ZW50XC91cGxvYWRzXC9zaXRlc1wvMzg4XC8yMDIyXC8xMlwvQ2hlZnMtUGxhY2UtMy5qcGciLCJzbGlkZXNob3ciOiI0NGE5YWZlIn0%3D\">\t\t<div class=\"elementor-carousel-image\" role=\"img\" aria-label=\"Chef&#039;s Place\" style=\"background-image: url(&#039;https:\/\/easyfairsassets.com\/sites\/388\/2022\/12\/Chefs-Place-3.jpg&#039;)\">\n\n\t\t\t\n\t\t\t\t\t<\/div>\n\t\t<\/a>\t\t\t\t\t\t<\/div>\n\t\t\t\t\t\t\t\t\t\t\t<div class=\"swiper-slide\" role=\"group\" aria-roledescription=\"slide\">\n\t\t\t\t\t\t\t<a href=\"https:\/\/easyfairsassets.com\/sites\/388\/2022\/12\/Chefs-Place-6.jpg\" data-elementor-open-lightbox=\"yes\" data-elementor-lightbox-slideshow=\"44a9afe\" data-elementor-lightbox-title=\"Chef&#039;s Place\" data-e-action-hash=\"#elementor-action%3Aaction%3Dlightbox%26settings%3DeyJpZCI6MTU5NTUxLCJ1cmwiOiJodHRwczpcL1wvaG9yZWNhLWV4cG8tbmV3LmVhc3lmYWlycy5uZXR3b3JrXC93cC1jb250ZW50XC91cGxvYWRzXC9zaXRlc1wvMzg4XC8yMDIyXC8xMlwvQ2hlZnMtUGxhY2UtNi5qcGciLCJzbGlkZXNob3ciOiI0NGE5YWZlIn0%3D\">\t\t<div class=\"elementor-carousel-image\" role=\"img\" aria-label=\"Chef&#039;s Place\" style=\"background-image: url(&#039;https:\/\/easyfairsassets.com\/sites\/388\/2022\/12\/Chefs-Place-6.jpg&#039;)\">\n\n\t\t\t\n\t\t\t\t\t<\/div>\n\t\t<\/a>\t\t\t\t\t\t<\/div>\n\t\t\t\t\t\t\t\t\t\t\t<div class=\"swiper-slide\" role=\"group\" aria-roledescription=\"slide\">\n\t\t\t\t\t\t\t<a href=\"https:\/\/easyfairsassets.com\/sites\/388\/2023\/05\/Masterclass-9.jpg\" data-elementor-open-lightbox=\"yes\" data-elementor-lightbox-slideshow=\"44a9afe\" data-elementor-lightbox-title=\"Masterclass 9\" data-elementor-lightbox-description=\"Masterclass\" data-e-action-hash=\"#elementor-action%3Aaction%3Dlightbox%26settings%3DeyJpZCI6MTcwNDc3LCJ1cmwiOiJodHRwczpcL1wvaG9yZWNhLWV4cG8tbmV3LmVhc3lmYWlycy5uZXR3b3JrXC93cC1jb250ZW50XC91cGxvYWRzXC9zaXRlc1wvMzg4XC8yMDIzXC8wNVwvTWFzdGVyY2xhc3MtOS5qcGciLCJzbGlkZXNob3ciOiI0NGE5YWZlIn0%3D\">\t\t<div class=\"elementor-carousel-image\" role=\"img\" aria-label=\"Masterclass\" style=\"background-image: url(&#039;https:\/\/easyfairsassets.com\/sites\/388\/2023\/05\/Masterclass-9.jpg&#039;)\">\n\n\t\t\t\n\t\t\t\t\t<\/div>\n\t\t<\/a>\t\t\t\t\t\t<\/div>\n\t\t\t\t\t\t\t\t\t\t\t<div class=\"swiper-slide\" role=\"group\" aria-roledescription=\"slide\">\n\t\t\t\t\t\t\t<a href=\"https:\/\/easyfairsassets.com\/sites\/388\/2022\/12\/Chefs-Place-5.jpg\" data-elementor-open-lightbox=\"yes\" data-elementor-lightbox-slideshow=\"44a9afe\" data-elementor-lightbox-title=\"Chef&#039;s Place\" data-e-action-hash=\"#elementor-action%3Aaction%3Dlightbox%26settings%3DeyJpZCI6MTU5NTQ5LCJ1cmwiOiJodHRwczpcL1wvaG9yZWNhLWV4cG8tbmV3LmVhc3lmYWlycy5uZXR3b3JrXC93cC1jb250ZW50XC91cGxvYWRzXC9zaXRlc1wvMzg4XC8yMDIyXC8xMlwvQ2hlZnMtUGxhY2UtNS5qcGciLCJzbGlkZXNob3ciOiI0NGE5YWZlIn0%3D\">\t\t<div class=\"elementor-carousel-image\" role=\"img\" aria-label=\"Chef&#039;s Place\" style=\"background-image: url(&#039;https:\/\/easyfairsassets.com\/sites\/388\/2022\/12\/Chefs-Place-5.jpg&#039;)\">\n\n\t\t\t\n\t\t\t\t\t<\/div>\n\t\t<\/a>\t\t\t\t\t\t<\/div>\n\t\t\t\t\t\t\t\t\t\t\t<div class=\"swiper-slide\" role=\"group\" aria-roledescription=\"slide\">\n\t\t\t\t\t\t\t<a href=\"https:\/\/easyfairsassets.com\/sites\/388\/2022\/12\/Chefs-Place-4.jpg\" data-elementor-open-lightbox=\"yes\" data-elementor-lightbox-slideshow=\"44a9afe\" data-elementor-lightbox-title=\"Chef&#039;s Place\" data-e-action-hash=\"#elementor-action%3Aaction%3Dlightbox%26settings%3DeyJpZCI6MTU5NTQ3LCJ1cmwiOiJodHRwczpcL1wvaG9yZWNhLWV4cG8tbmV3LmVhc3lmYWlycy5uZXR3b3JrXC93cC1jb250ZW50XC91cGxvYWRzXC9zaXRlc1wvMzg4XC8yMDIyXC8xMlwvQ2hlZnMtUGxhY2UtNC5qcGciLCJzbGlkZXNob3ciOiI0NGE5YWZlIn0%3D\">\t\t<div class=\"elementor-carousel-image\" role=\"img\" aria-label=\"Chef&#039;s Place\" style=\"background-image: url(&#039;https:\/\/easyfairsassets.com\/sites\/388\/2022\/12\/Chefs-Place-4.jpg&#039;)\">\n\n\t\t\t\n\t\t\t\t\t<\/div>\n\t\t<\/a>\t\t\t\t\t\t<\/div>\n\t\t\t\t\t\t\t\t\t\t\t<div class=\"swiper-slide\" role=\"group\" aria-roledescription=\"slide\">\n\t\t\t\t\t\t\t\t\t<div class=\"elementor-carousel-image\" role=\"img\" aria-label=\"Chef&#039;s Place\" style=\"background-image: url(&#039;https:\/\/easyfairsassets.com\/sites\/388\/2022\/12\/Chefs-Place-2.jpg&#039;)\">\n\n\t\t\t\n\t\t\t\t\t<\/div>\n\t\t\t\t\t\t\t\t<\/div>\n\t\t\t\t\t\t\t\t\t\t\t<div class=\"swiper-slide\" role=\"group\" aria-roledescription=\"slide\">\n\t\t\t\t\t\t\t\t\t<div class=\"elementor-carousel-image\" role=\"img\" aria-label=\"Masterclass\" style=\"background-image: url(&#039;https:\/\/easyfairsassets.com\/sites\/388\/2022\/12\/Masterclass-7.jpg&#039;)\">\n\n\t\t\t\n\t\t\t\t\t<\/div>\n\t\t\t\t\t\t\t\t<\/div>\n\t\t\t\t\t\t\t\t\t\t\t<div class=\"swiper-slide\" role=\"group\" aria-roledescription=\"slide\">\n\t\t\t\t\t\t\t\t\t<div class=\"elementor-carousel-image\" role=\"img\" aria-label=\"Chef&#039;s Place\" style=\"background-image: url(&#039;https:\/\/easyfairsassets.com\/sites\/388\/2022\/12\/Chefs-Place-1.jpg&#039;)\">\n\n\t\t\t\n\t\t\t\t\t<\/div>\n\t\t\t\t\t\t\t\t<\/div>\n\t\t\t\t\t\t\t\t\t\t\t<div class=\"swiper-slide\" role=\"group\" aria-roledescription=\"slide\">\n\t\t\t\t\t\t\t\t\t<div class=\"elementor-carousel-image\" role=\"img\" aria-label=\"Masterclass\" style=\"background-image: url(&#039;https:\/\/easyfairsassets.com\/sites\/388\/2022\/12\/Masterclass-5.jpg&#039;)\">\n\n\t\t\t\n\t\t\t\t\t<\/div>\n\t\t\t\t\t\t\t\t<\/div>\n\t\t\t\t\t\t\t\t\t<\/div>\n\t\t\t\t\t\t\t\t\t\t\t\t\t\t\t<div class=\"elementor-swiper-button elementor-swiper-button-prev\" role=\"button\" tabindex=\"0\" aria-label=\"Previous\">\n\t\t\t\t\t\t\t<i aria-hidden=\"true\" class=\"eicon-chevron-left\"><\/i>\t\t\t\t\t\t<\/div>\n\t\t\t\t\t\t<div class=\"elementor-swiper-button elementor-swiper-button-next\" role=\"button\" tabindex=\"0\" aria-label=\"Next\">\n\t\t\t\t\t\t\t<i aria-hidden=\"true\" class=\"eicon-chevron-right\"><\/i>\t\t\t\t\t\t<\/div>\n\t\t\t\t\t\t\t\t\t\t\t\t\t\t\t\t\t<\/div>\n\t\t\t\t<\/div>\n\t\t\t\t\t\t\t\t<\/div>\n\t\t\t\t<\/div>\n\t\t\t\t<\/div>\n\t\t\t\t\t<\/div>\n\t\t\t\t<\/div>\n\t\t\t\t<\/div>\n\t\t","protected":false},"excerpt":{"rendered":"<p>Dans le hall 8, Chef&rsquo;s Place est une zone d&rsquo;exp\u00e9rience unique dans un cadre atmosph\u00e9rique o\u00f9 un nombre restreint d&rsquo;exposants proposent une gamme de produits de qualit\u00e9, vins, spiritueux, tableware et d\u00e9coration. Ici, tout tourne autour de l&rsquo;essence du produit : pur, honn\u00eate mais haut de gamme. Une grande importance est accord\u00e9e aux produits ayant [&hellip;]<\/p>\n","protected":false},"author":44,"featured_media":0,"parent":0,"menu_order":0,"comment_status":"closed","ping_status":"closed","template":"","meta":{"_seopress_robots_primary_cat":"","_seopress_titles_title":"Chef's Place \u00e0 Horeca Expo | par des grands chefs pour des grands chefs","_seopress_titles_desc":"Exclusivement destin\u00e9 au segment sup\u00e9rieur des restaurants, avec des exposants pr\u00e9sentant leurs meilleures offres de d\u00e9licatesses, de vins, de spiritueux et de tableware.","_seopress_robots_index":"","footnotes":""},"class_list":["post-74615","page","type-page","status-publish","hentry"],"_links":{"self":[{"href":"https:\/\/www.horecaexpo.be\/fr\/wp-json\/wp\/v2\/pages\/74615","targetHints":{"allow":["GET"]}}],"collection":[{"href":"https:\/\/www.horecaexpo.be\/fr\/wp-json\/wp\/v2\/pages"}],"about":[{"href":"https:\/\/www.horecaexpo.be\/fr\/wp-json\/wp\/v2\/types\/page"}],"author":[{"embeddable":true,"href":"https:\/\/www.horecaexpo.be\/fr\/wp-json\/wp\/v2\/users\/44"}],"replies":[{"embeddable":true,"href":"https:\/\/www.horecaexpo.be\/fr\/wp-json\/wp\/v2\/comments?post=74615"}],"version-history":[{"count":0,"href":"https:\/\/www.horecaexpo.be\/fr\/wp-json\/wp\/v2\/pages\/74615\/revisions"}],"wp:attachment":[{"href":"https:\/\/www.horecaexpo.be\/fr\/wp-json\/wp\/v2\/media?parent=74615"}],"curies":[{"name":"wp","href":"https:\/\/api.w.org\/{rel}","templated":true}]}}