{"id":74603,"date":"2021-03-11T13:34:50","date_gmt":"2021-03-11T12:34:50","guid":{"rendered":"https:\/\/www.horecaexpo.be\/?page_id=74603"},"modified":"2026-03-09T13:20:30","modified_gmt":"2026-03-09T12:20:30","slug":"concept","status":"publish","type":"page","link":"https:\/\/www.horecaexpo.be\/fr\/concept\/","title":{"rendered":"concept"},"content":{"rendered":"\t\t<div data-elementor-type=\"wp-post\" data-elementor-id=\"74603\" class=\"elementor elementor-74603 elementor-74601\" data-elementor-post-type=\"page\">\n\t\t\t\t<div class=\"elementor-element elementor-element-bf9b527 e-flex e-con-boxed e-con e-parent\" data-id=\"bf9b527\" data-element_type=\"container\" data-settings=\"{&quot;background_background&quot;:&quot;classic&quot;}\">\n\t\t\t\t\t<div class=\"e-con-inner\">\n\t\t<div class=\"elementor-element elementor-element-8ed27f7 e-con-full e-flex e-con e-child\" data-id=\"8ed27f7\" data-element_type=\"container\">\n\t\t\t\t<div class=\"elementor-element elementor-element-def8983 elementor-widget elementor-widget-heading\" data-id=\"def8983\" data-element_type=\"widget\" data-widget_type=\"heading.default\">\n\t\t\t\t<div class=\"elementor-widget-container\">\n\t\t\t\t\t<h2 class=\"elementor-heading-title elementor-size-default\">Un point de rendez-vous incontestable<\/h2>\t\t\t\t<\/div>\n\t\t\t\t<\/div>\n\t\t\t\t<div class=\"elementor-element elementor-element-c562be5 elementor-widget elementor-widget-text-editor\" data-id=\"c562be5\" data-element_type=\"widget\" data-widget_type=\"text-editor.default\">\n\t\t\t\t<div class=\"elementor-widget-container\">\n\t\t\t\t\t\t\t\t\t<p>Horeca Expo est depuis 36 ann\u00e9es le plus grand salon professionnel de l\u2019horeca et des cuisines de collectivit\u00e9s en Belgique.<br \/>Plus de 600 exposants, repr\u00e9sentant 3.000 marques, vous y pr\u00e9sentent leurs nouveaut\u00e9s en mati\u00e8re de produits, services et tendances.<br \/>Outre l\u2019offre en food et non-food, Horeca Expo vous propose un programme d\u2019activit\u00e9s \u00e9tendu comme des workshops, des concours culinaires, des s\u00e9minaires et des d\u00e9monstrations.<\/p>\n<p><strong>Horeca Expo aura lieu du 15 au 18 novembre 2026.<\/strong><br \/><strong>Ouvert tous les jours de 10h \u00e0 18h.\u00a0<\/strong><\/p>\n\t\t\t\t\t\t\t\t<\/div>\n\t\t\t\t<\/div>\n\t\t\t\t<\/div>\n\t\t\t\t\t<\/div>\n\t\t\t\t<\/div>\n\t\t<div class=\"elementor-element elementor-element-f0967a9 e-flex e-con-boxed e-con e-parent\" data-id=\"f0967a9\" data-element_type=\"container\" data-settings=\"{&quot;background_background&quot;:&quot;classic&quot;,&quot;animation&quot;:&quot;none&quot;}\">\n\t\t\t\t\t<div class=\"e-con-inner\">\n\t\t<div class=\"elementor-element elementor-element-c12c849 e-con-full e-flex e-con e-child\" data-id=\"c12c849\" data-element_type=\"container\" data-settings=\"{&quot;background_background&quot;:&quot;classic&quot;}\">\n\t\t<div class=\"elementor-element elementor-element-ff7f8ef e-con-full e-flex e-con e-child\" data-id=\"ff7f8ef\" data-element_type=\"container\" data-settings=\"{&quot;background_background&quot;:&quot;classic&quot;}\">\n\t\t\t\t<\/div>\n\t\t<div class=\"elementor-element elementor-element-80d5ad0 e-con-full e-flex e-con e-child\" data-id=\"80d5ad0\" data-element_type=\"container\">\n\t\t\t\t<div class=\"elementor-element elementor-element-b52f598 elementor-widget elementor-widget-heading\" data-id=\"b52f598\" data-element_type=\"widget\" data-widget_type=\"heading.default\">\n\t\t\t\t<div class=\"elementor-widget-container\">\n\t\t\t\t\t<h2 class=\"elementor-heading-title elementor-size-default\">Foodservice<\/h2>\t\t\t\t<\/div>\n\t\t\t\t<\/div>\n\t\t\t\t<div class=\"elementor-element elementor-element-45ee548 elementor-widget elementor-widget-text-editor\" data-id=\"45ee548\" data-element_type=\"widget\" data-widget_type=\"text-editor.default\">\n\t\t\t\t<div class=\"elementor-widget-container\">\n\t\t\t\t\t\t\t\t\t<p>Si vous souhaitez d\u00e9couvrir les toutes derni\u00e8res tendances et les produits les plus r\u00e9cents dans le domaine des boissons et de l\u2019alimentation, vous les trouverez \u00e0 coup s\u00fbr dans les halls 1 et 8.<\/p>\n<p>Des ingr\u00e9dients de qualit\u00e9 aux techniques de cuisson en passant par les produits finis.<br \/>En tant qu\u2019entrepreneur de l\u2019horeca, vous trouverez \u00e9galement votre bonheur parmi l\u2019offre \u00e9tendue que pr\u00e9senteront les exposants non-food.<\/p>\n\t\t\t\t\t\t\t\t<\/div>\n\t\t\t\t<\/div>\n\t\t\t\t<\/div>\n\t\t\t\t<\/div>\n\t\t<div class=\"elementor-element elementor-element-24cc4c4 e-con-full e-flex e-con e-child\" data-id=\"24cc4c4\" data-element_type=\"container\" data-settings=\"{&quot;background_background&quot;:&quot;classic&quot;}\">\n\t\t<div class=\"elementor-element elementor-element-8396baa e-con-full e-flex e-con e-child\" data-id=\"8396baa\" data-element_type=\"container\" data-settings=\"{&quot;background_background&quot;:&quot;classic&quot;}\">\n\t\t\t\t<\/div>\n\t\t<div class=\"elementor-element elementor-element-baf44d4 e-con-full e-flex e-con e-child\" data-id=\"baf44d4\" data-element_type=\"container\">\n\t\t\t\t<div class=\"elementor-element elementor-element-cdc1dc2 elementor-widget elementor-widget-heading\" data-id=\"cdc1dc2\" data-element_type=\"widget\" data-widget_type=\"heading.default\">\n\t\t\t\t<div class=\"elementor-widget-container\">\n\t\t\t\t\t<h2 class=\"elementor-heading-title elementor-size-default\">Coffee, Tea, Sweets &amp; Breakfast<\/h2>\t\t\t\t<\/div>\n\t\t\t\t<\/div>\n\t\t\t\t<div class=\"elementor-element elementor-element-4dbe14b elementor-widget elementor-widget-text-editor\" data-id=\"4dbe14b\" data-element_type=\"widget\" data-widget_type=\"text-editor.default\">\n\t\t\t\t<div class=\"elementor-widget-container\">\n\t\t\t\t\t\t\t\t\t<p>Le hall 2 baigne dans une atmosph\u00e8re sucr\u00e9e et met l&rsquo;accent sur le caf\u00e9, le th\u00e9, les sucreries, les glaces, la boulangerie et le petit-d\u00e9jeuner.<br \/>Vous y d\u00e9couvrirez des produits, des \u00e9quipements ainsi que des accessoires.<\/p>\n\t\t\t\t\t\t\t\t<\/div>\n\t\t\t\t<\/div>\n\t\t\t\t<\/div>\n\t\t\t\t<\/div>\n\t\t<div class=\"elementor-element elementor-element-8da4c32 e-con-full e-flex e-con e-child\" data-id=\"8da4c32\" data-element_type=\"container\" data-settings=\"{&quot;background_background&quot;:&quot;classic&quot;}\">\n\t\t<div class=\"elementor-element elementor-element-c1fd15a e-con-full e-flex e-con e-child\" data-id=\"c1fd15a\" data-element_type=\"container\" data-settings=\"{&quot;background_background&quot;:&quot;classic&quot;}\">\n\t\t\t\t<\/div>\n\t\t<div class=\"elementor-element elementor-element-a959893 e-con-full e-flex e-con e-child\" data-id=\"a959893\" data-element_type=\"container\">\n\t\t\t\t<div class=\"elementor-element elementor-element-1d0d029 elementor-widget elementor-widget-heading\" data-id=\"1d0d029\" data-element_type=\"widget\" data-widget_type=\"heading.default\">\n\t\t\t\t<div class=\"elementor-widget-container\">\n\t\t\t\t\t<h2 class=\"elementor-heading-title elementor-size-default\">Snack &amp; Fast Food<\/h2>\t\t\t\t<\/div>\n\t\t\t\t<\/div>\n\t\t\t\t<div class=\"elementor-element elementor-element-42985d7 elementor-widget elementor-widget-text-editor\" data-id=\"42985d7\" data-element_type=\"widget\" data-widget_type=\"text-editor.default\">\n\t\t\t\t<div class=\"elementor-widget-container\">\n\t\t\t\t\t\t\t\t\t<p>Les <strong>halls 1, 7 et 8<\/strong> seront, comme d&rsquo;habitude, le point de rencontre de tous les exploitants de friteries, snack-bars et sandwicheries. Ils y trouveront un large \u00e9ventail de fournisseurs dans le domaine des snacks, des produits \u00e0 base de pommes de terre, des sauces, des huiles et graisses, des \u00e9quipements, des emballages, de la collecte des graisses, de la d\u00e9coration int\u00e9rieure et ext\u00e9rieure, &#8230;<\/p>\n\t\t\t\t\t\t\t\t<\/div>\n\t\t\t\t<\/div>\n\t\t\t\t<\/div>\n\t\t\t\t<\/div>\n\t\t<div class=\"elementor-element elementor-element-a208a9f e-con-full e-flex e-con e-child\" data-id=\"a208a9f\" data-element_type=\"container\" data-settings=\"{&quot;background_background&quot;:&quot;classic&quot;}\">\n\t\t<div class=\"elementor-element elementor-element-3ae5d2c e-con-full e-flex e-con e-child\" data-id=\"3ae5d2c\" data-element_type=\"container\" data-settings=\"{&quot;background_background&quot;:&quot;classic&quot;}\">\n\t\t\t\t<\/div>\n\t\t<div class=\"elementor-element elementor-element-50cd37c e-con-full e-flex e-con e-child\" data-id=\"50cd37c\" data-element_type=\"container\">\n\t\t\t\t<div class=\"elementor-element elementor-element-d984b33 elementor-widget elementor-widget-heading\" data-id=\"d984b33\" data-element_type=\"widget\" data-widget_type=\"heading.default\">\n\t\t\t\t<div class=\"elementor-widget-container\">\n\t\t\t\t\t<h2 class=\"elementor-heading-title elementor-size-default\">Kitchen Equipment<\/h2>\t\t\t\t<\/div>\n\t\t\t\t<\/div>\n\t\t\t\t<div class=\"elementor-element elementor-element-4a05dce elementor-widget elementor-widget-text-editor\" data-id=\"4a05dce\" data-element_type=\"widget\" data-widget_type=\"text-editor.default\">\n\t\t\t\t<div class=\"elementor-widget-container\">\n\t\t\t\t\t\t\t\t\t<p>Dans les halls 1 et 5, vous trouverez non seulement <strong>des cuisines<\/strong> et des cuisines \u00e0 grande \u00e9chelle, mais aussi les solutions de cuisine les plus r\u00e9centes et les plus innovantes.<\/p>\n<p>Des cuisini\u00e8res high-tech aux derniers \u00e9quipements de lavage de la vaisselle. Tant les \u00ab\u00a0petits\u00a0\u00bb chefs cuisiniers que les grandes cuisines sont les bienvenus ici.<\/p>\n\t\t\t\t\t\t\t\t<\/div>\n\t\t\t\t<\/div>\n\t\t\t\t<\/div>\n\t\t\t\t<\/div>\n\t\t<div class=\"elementor-element elementor-element-27ac471 e-con-full e-flex e-con e-child\" data-id=\"27ac471\" data-element_type=\"container\" data-settings=\"{&quot;background_background&quot;:&quot;classic&quot;}\">\n\t\t<div class=\"elementor-element elementor-element-75570d9 e-con-full e-flex e-con e-child\" data-id=\"75570d9\" data-element_type=\"container\" data-settings=\"{&quot;background_background&quot;:&quot;classic&quot;}\">\n\t\t\t\t<\/div>\n\t\t<div class=\"elementor-element elementor-element-2ceacda e-con-full e-flex e-con e-child\" data-id=\"2ceacda\" data-element_type=\"container\">\n\t\t\t\t<div class=\"elementor-element elementor-element-d742e8b elementor-widget elementor-widget-heading\" data-id=\"d742e8b\" data-element_type=\"widget\" data-widget_type=\"heading.default\">\n\t\t\t\t<div class=\"elementor-widget-container\">\n\t\t\t\t\t<h2 class=\"elementor-heading-title elementor-size-default\">Cafe, bar &amp; Nightlife<\/h2>\t\t\t\t<\/div>\n\t\t\t\t<\/div>\n\t\t\t\t<div class=\"elementor-element elementor-element-e1d7639 elementor-widget elementor-widget-text-editor\" data-id=\"e1d7639\" data-element_type=\"widget\" data-widget_type=\"text-editor.default\">\n\t\t\t\t<div class=\"elementor-widget-container\">\n\t\t\t\t\t\t\t\t\t<p>Ici, la cr\u00e8me des <strong>brasseries belges<\/strong> se r\u00e9unit. Vous aurez un aper\u00e7u des diff\u00e9rents styles de bi\u00e8re dont notre pays est riche. Outre les bi\u00e8res elles-m\u00eames, l&rsquo;attention se porte \u00e9galement sur les robinets et le mobilier du pub.<\/p>\n<p>La vie nocturne est synonyme d&rsquo;effervescence et de tendance : cocktails, boissons \u00e9nergisantes et boissons alcoolis\u00e9es sont fi\u00e8rement pr\u00e9sent\u00e9s.<br \/>Des meubles de hanche, des \u00e9clairages LED et des effets sp\u00e9ciaux compl\u00e8tent le tableau. Dans le hall 6, vous trouverez \u00e9galement des syst\u00e8mes de sonorisation, divers syst\u00e8mes de musique et des solutions de fum\u00e9e.<\/p>\n\t\t\t\t\t\t\t\t<\/div>\n\t\t\t\t<\/div>\n\t\t\t\t<\/div>\n\t\t\t\t<\/div>\n\t\t<div class=\"elementor-element elementor-element-2b5e6bc e-con-full e-flex e-con e-child\" data-id=\"2b5e6bc\" data-element_type=\"container\" data-settings=\"{&quot;background_background&quot;:&quot;classic&quot;}\">\n\t\t<div class=\"elementor-element elementor-element-fa3b74d e-con-full e-flex e-con e-child\" data-id=\"fa3b74d\" data-element_type=\"container\" data-settings=\"{&quot;background_background&quot;:&quot;classic&quot;}\">\n\t\t\t\t<\/div>\n\t\t<div class=\"elementor-element elementor-element-2eb26e1 e-con-full e-flex e-con e-child\" data-id=\"2eb26e1\" data-element_type=\"container\">\n\t\t\t\t<div class=\"elementor-element elementor-element-193c635 elementor-widget elementor-widget-heading\" data-id=\"193c635\" data-element_type=\"widget\" data-widget_type=\"heading.default\">\n\t\t\t\t<div class=\"elementor-widget-container\">\n\t\t\t\t\t<h2 class=\"elementor-heading-title elementor-size-default\">Hospitality, Hotel &amp; Restaurant Design<\/h2>\t\t\t\t<\/div>\n\t\t\t\t<\/div>\n\t\t\t\t<div class=\"elementor-element elementor-element-f828fb5 elementor-widget elementor-widget-text-editor\" data-id=\"f828fb5\" data-element_type=\"widget\" data-widget_type=\"text-editor.default\">\n\t\t\t\t<div class=\"elementor-widget-container\">\n\t\t\t\t\t\t\t\t\t<p>Un focus sur <strong>un am\u00e9nagement \u00e9l\u00e9gant et durable pour les h\u00f4tels, chambres d\u2019h\u00f4tes et restaurants<\/strong>.<br \/>Inspirez-vous pour <span style=\"font-size: 16px;\">la chambre et le coin salon, l<\/span><span style=\"font-size: 16px;\">a salle de bains, <\/span>l\u2019espace bien-\u00eatre, <span style=\"font-size: 16px;\">le lobby, <\/span><span style=\"font-size: 16px;\">le bar et <\/span><span style=\"font-size: 16px;\">le restaurant.<\/span><\/p>\n<p>Vous y d\u00e9couvrirez \u00e9galement les derni\u00e8res tendances en mati\u00e8re d\u2019\u00e9quipements et de technologies haut de gamme, qui font toute la diff\u00e9rence en termes <strong>d\u2019exp\u00e9rience client, d\u2019efficacit\u00e9 et de s\u00e9curit\u00e9<\/strong>.<\/p>\n\t\t\t\t\t\t\t\t<\/div>\n\t\t\t\t<\/div>\n\t\t\t\t<\/div>\n\t\t\t\t<\/div>\n\t\t<div class=\"elementor-element elementor-element-c11957f e-con-full e-flex e-con e-child\" data-id=\"c11957f\" data-element_type=\"container\" data-settings=\"{&quot;background_background&quot;:&quot;classic&quot;}\">\n\t\t<div class=\"elementor-element elementor-element-6e4ca6b e-con-full e-flex e-con e-child\" data-id=\"6e4ca6b\" data-element_type=\"container\" data-settings=\"{&quot;background_background&quot;:&quot;classic&quot;}\">\n\t\t\t\t<\/div>\n\t\t<div class=\"elementor-element elementor-element-71d3bed e-con-full e-flex e-con e-child\" data-id=\"71d3bed\" data-element_type=\"container\">\n\t\t\t\t<div class=\"elementor-element elementor-element-ecbb0f0 elementor-widget elementor-widget-heading\" data-id=\"ecbb0f0\" data-element_type=\"widget\" data-widget_type=\"heading.default\">\n\t\t\t\t<div class=\"elementor-widget-container\">\n\t\t\t\t\t<h2 class=\"elementor-heading-title elementor-size-default\">Fast casual<\/h2>\t\t\t\t<\/div>\n\t\t\t\t<\/div>\n\t\t\t\t<div class=\"elementor-element elementor-element-0b372a4 elementor-widget elementor-widget-text-editor\" data-id=\"0b372a4\" data-element_type=\"widget\" data-widget_type=\"text-editor.default\">\n\t\t\t\t<div class=\"elementor-widget-container\">\n\t\t\t\t\t\t\t\t\t<p>Frais et authentique !<\/p>\n<p>Nombreux produits locaux \u00e0 caract\u00e8re artisanal.<br \/>Mais pas seulement de la nourriture&#8230; La gamme comprend \u00e9galement une vari\u00e9t\u00e9 de jus et de boissons sains.<\/p>\n\t\t\t\t\t\t\t\t<\/div>\n\t\t\t\t<\/div>\n\t\t\t\t<\/div>\n\t\t\t\t<\/div>\n\t\t<div class=\"elementor-element elementor-element-e8c8996 e-con-full e-flex e-con e-child\" data-id=\"e8c8996\" data-element_type=\"container\" data-settings=\"{&quot;background_background&quot;:&quot;classic&quot;}\">\n\t\t<div class=\"elementor-element elementor-element-22326dd e-con-full e-flex e-con e-child\" data-id=\"22326dd\" data-element_type=\"container\" data-settings=\"{&quot;background_background&quot;:&quot;classic&quot;}\">\n\t\t\t\t<\/div>\n\t\t<div class=\"elementor-element elementor-element-5f32cfa e-con-full e-flex e-con e-child\" data-id=\"5f32cfa\" data-element_type=\"container\">\n\t\t\t\t<div class=\"elementor-element elementor-element-e1a6220 elementor-widget elementor-widget-heading\" data-id=\"e1a6220\" data-element_type=\"widget\" data-widget_type=\"heading.default\">\n\t\t\t\t<div class=\"elementor-widget-container\">\n\t\t\t\t\t<h2 class=\"elementor-heading-title elementor-size-default\">Chef's Place <\/h2>\t\t\t\t<\/div>\n\t\t\t\t<\/div>\n\t\t\t\t<div class=\"elementor-element elementor-element-0eba0ed elementor-widget elementor-widget-text-editor\" data-id=\"0eba0ed\" data-element_type=\"widget\" data-widget_type=\"text-editor.default\">\n\t\t\t\t<div class=\"elementor-widget-container\">\n\t\t\t\t\t\t\t\t\t<p>Dans le hall 8, Chef&rsquo;s Place est une <strong>zone d&rsquo;exp\u00e9rience unique<\/strong> dans un cadre attrayant o\u00f9 un nombre restreint d&rsquo;exposants proposent une gamme de produits de qualit\u00e9, vins, spiritueux, arts de la table et d\u00e9coration.<\/p>\n<p>Les <strong>Master Classes<\/strong> offrent l&rsquo;opportunit\u00e9 de suivre de pr\u00e8s les derni\u00e8res tendances et techniques des grands chefs, avec l&rsquo;attention n\u00e9cessaire \u00e0 l&rsquo;harmonie entre le plat et les boissons qui l&rsquo;accompagnent.<\/p>\n<p>Cette partie du salon est <strong>uniquement accessible sur invitation<\/strong>.<\/p>\n\t\t\t\t\t\t\t\t<\/div>\n\t\t\t\t<\/div>\n\t\t\t\t<\/div>\n\t\t\t\t<\/div>\n\t\t\t\t\t<\/div>\n\t\t\t\t<\/div>\n\t\t\t\t<\/div>\n\t\t","protected":false},"excerpt":{"rendered":"<p>Un point de rendez-vous incontestable Horeca Expo est depuis 36 ann\u00e9es le plus grand salon professionnel de l\u2019horeca et des cuisines de collectivit\u00e9s en Belgique.Plus de 600 exposants, repr\u00e9sentant 3.000 marques, vous y pr\u00e9sentent leurs nouveaut\u00e9s en mati\u00e8re de produits, services et tendances.Outre l\u2019offre en food et non-food, Horeca Expo vous propose un programme d\u2019activit\u00e9s [&hellip;]<\/p>\n","protected":false},"author":44,"featured_media":0,"parent":0,"menu_order":0,"comment_status":"closed","ping_status":"closed","template":"","meta":{"_seopress_robots_primary_cat":"","_seopress_titles_title":"Horeca Expo est le salon professionnel pour l'horeca et les collectivit\u00e9s.","_seopress_titles_desc":"Une offre globale qualitative et innovante met en avant les meilleurs de chaque segment. D\u00e9couvrez pas moins de 3 000 marques r\u00e9parties sur 8 halls.","_seopress_robots_index":"","footnotes":""},"class_list":["post-74603","page","type-page","status-publish","hentry"],"_links":{"self":[{"href":"https:\/\/www.horecaexpo.be\/fr\/wp-json\/wp\/v2\/pages\/74603","targetHints":{"allow":["GET"]}}],"collection":[{"href":"https:\/\/www.horecaexpo.be\/fr\/wp-json\/wp\/v2\/pages"}],"about":[{"href":"https:\/\/www.horecaexpo.be\/fr\/wp-json\/wp\/v2\/types\/page"}],"author":[{"embeddable":true,"href":"https:\/\/www.horecaexpo.be\/fr\/wp-json\/wp\/v2\/users\/44"}],"replies":[{"embeddable":true,"href":"https:\/\/www.horecaexpo.be\/fr\/wp-json\/wp\/v2\/comments?post=74603"}],"version-history":[{"count":4,"href":"https:\/\/www.horecaexpo.be\/fr\/wp-json\/wp\/v2\/pages\/74603\/revisions"}],"predecessor-version":[{"id":283898,"href":"https:\/\/www.horecaexpo.be\/fr\/wp-json\/wp\/v2\/pages\/74603\/revisions\/283898"}],"wp:attachment":[{"href":"https:\/\/www.horecaexpo.be\/fr\/wp-json\/wp\/v2\/media?parent=74603"}],"curies":[{"name":"wp","href":"https:\/\/api.w.org\/{rel}","templated":true}]}}