{"id":74554,"date":"2021-03-11T13:17:28","date_gmt":"2021-03-11T12:17:28","guid":{"rendered":"https:\/\/www.horecaexpo.be\/?page_id=74554"},"modified":"2026-03-09T13:21:09","modified_gmt":"2026-03-09T12:21:09","slug":"facts-figures","status":"publish","type":"page","link":"https:\/\/www.horecaexpo.be\/fr\/facts-figures\/","title":{"rendered":"facts figures"},"content":{"rendered":"\t\t<div data-elementor-type=\"wp-post\" data-elementor-id=\"74554\" class=\"elementor elementor-74554 elementor-74552\" data-elementor-post-type=\"page\">\n\t\t\t\t<div class=\"elementor-element elementor-element-7c9686d e-flex e-con-boxed e-con e-parent\" data-id=\"7c9686d\" data-element_type=\"container\" data-settings=\"{&quot;background_background&quot;:&quot;classic&quot;}\">\n\t\t\t\t\t<div class=\"e-con-inner\">\n\t\t<div class=\"elementor-element elementor-element-d32e113 e-con-full e-flex e-con e-child\" data-id=\"d32e113\" data-element_type=\"container\">\n\t\t\t\t<div class=\"elementor-element elementor-element-c51fcfd elementor-widget elementor-widget-heading\" data-id=\"c51fcfd\" data-element_type=\"widget\" data-widget_type=\"heading.default\">\n\t\t\t\t<div class=\"elementor-widget-container\">\n\t\t\t\t\t<h2 class=\"elementor-heading-title elementor-size-default\">Un rendez-vous incontournable.<\/h2>\t\t\t\t<\/div>\n\t\t\t\t<\/div>\n\t\t\t\t<div class=\"elementor-element elementor-element-ebb6006 elementor-widget elementor-widget-text-editor\" data-id=\"ebb6006\" data-element_type=\"widget\" data-widget_type=\"text-editor.default\">\n\t\t\t\t<div class=\"elementor-widget-container\">\n\t\t\t\t\t\t\t\t\t<p>Horeca Expo est depuis 36 ann\u00e9es le plus grand salon professionnel de l\u2019horeca et des cuisines de collectivit\u00e9s en Belgique.<br \/>Plus de 600 exposants, repr\u00e9sentant 3.000 marques, vous y pr\u00e9sentent leurs nouveaut\u00e9s en mati\u00e8re de produits, services et tendances.<br \/>Outre l\u2019offre en food et non-food, Horeca Expo vous propose un programme d\u2019activit\u00e9s \u00e9tendu comme des workshops, des concours culinaires, des s\u00e9minaires et des d\u00e9monstrations.<br \/><strong>Horeca Expo aura lieu du 15 au 18 novembre 2026.<\/strong><\/p>\n<p><strong>Le dimanche, lundi &amp; mardi de 10h \u00e0 19h.<br \/>\nLe mercredi de 10h \u00e0 18h.\u00a0<\/strong><\/p>\n\t\t\t\t\t\t\t\t<\/div>\n\t\t\t\t<\/div>\n\t\t\t\t<\/div>\n\t\t\t\t\t<\/div>\n\t\t\t\t<\/div>\n\t\t<div class=\"elementor-element elementor-element-09b3209 e-flex e-con-boxed e-con e-parent\" data-id=\"09b3209\" data-element_type=\"container\">\n\t\t\t\t\t<div class=\"e-con-inner\">\n\t\t<div class=\"elementor-element elementor-element-8f3611e e-con-full e-flex e-con e-child\" data-id=\"8f3611e\" data-element_type=\"container\">\n\t\t\t\t<div class=\"elementor-element elementor-element-1f114be elementor-widget elementor-widget-image\" data-id=\"1f114be\" data-element_type=\"widget\" data-widget_type=\"image.default\">\n\t\t\t\t<div class=\"elementor-widget-container\">\n\t\t\t\t\t\t\t\t\t\t\t\t\t\t\t<img fetchpriority=\"high\" decoding=\"async\" width=\"1500\" height=\"1000\" src=\"https:\/\/easyfairsassets.com\/sites\/388\/2020\/01\/Still_homepage-1.jpg\" class=\"attachment-full size-full wp-image-68825\" alt=\"Horeca Expo overview\" srcset=\"https:\/\/easyfairsassets.com\/sites\/388\/2020\/01\/Still_homepage-1.jpg 1500w, https:\/\/easyfairsassets.com\/sites\/388\/2020\/01\/Still_homepage-1-300x200.jpg 300w, https:\/\/easyfairsassets.com\/sites\/388\/2020\/01\/Still_homepage-1-1024x683.jpg 1024w, https:\/\/easyfairsassets.com\/sites\/388\/2020\/01\/Still_homepage-1-768x512.jpg 768w\" sizes=\"(max-width: 1500px) 100vw, 1500px\" \/>\t\t\t\t\t\t\t\t\t\t\t\t\t\t\t<\/div>\n\t\t\t\t<\/div>\n\t\t\t\t<\/div>\n\t\t<div class=\"elementor-element elementor-element-df00a06 e-con-full e-flex e-con e-child\" data-id=\"df00a06\" data-element_type=\"container\">\n\t\t\t\t<div class=\"elementor-element elementor-element-6fcfc69 elementor-widget elementor-widget-text-editor\" data-id=\"6fcfc69\" data-element_type=\"widget\" data-widget_type=\"text-editor.default\">\n\t\t\t\t<div class=\"elementor-widget-container\">\n\t\t\t\t\t\t\t\t\t<h2>Horeca expo en chiffres<\/h2>\n\t\t\t\t\t\t\t\t<\/div>\n\t\t\t\t<\/div>\n\t\t<div class=\"elementor-element elementor-element-6cae6ee e-con-full e-flex e-con e-child\" data-id=\"6cae6ee\" data-element_type=\"container\">\n\t\t<div class=\"elementor-element elementor-element-92b1912 e-con-full e-flex e-con e-child\" data-id=\"92b1912\" data-element_type=\"container\">\n\t\t\t\t<div class=\"elementor-element elementor-element-2ed7d5a elementor-widget elementor-widget-counter\" data-id=\"2ed7d5a\" data-element_type=\"widget\" data-widget_type=\"counter.default\">\n\t\t\t\t<div class=\"elementor-widget-container\">\n\t\t\t\t\t\t\t<div class=\"elementor-counter\">\n\t\t\t<div class=\"elementor-counter-title\">exposants<\/div>\t\t\t<div class=\"elementor-counter-number-wrapper\">\n\t\t\t\t<span class=\"elementor-counter-number-prefix\"><\/span>\n\t\t\t\t<span class=\"elementor-counter-number\" data-duration=\"1000\" data-to-value=\"615\" data-from-value=\"\" data-delimiter=\",\"><\/span>\n\t\t\t\t<span class=\"elementor-counter-number-suffix\"><\/span>\n\t\t\t<\/div>\n\t\t<\/div>\n\t\t\t\t\t\t<\/div>\n\t\t\t\t<\/div>\n\t\t\t\t<\/div>\n\t\t<div class=\"elementor-element elementor-element-3159a31 e-con-full e-flex e-con e-child\" data-id=\"3159a31\" data-element_type=\"container\">\n\t\t\t\t<div class=\"elementor-element elementor-element-f0133dd elementor-widget elementor-widget-counter\" data-id=\"f0133dd\" data-element_type=\"widget\" data-widget_type=\"counter.default\">\n\t\t\t\t<div class=\"elementor-widget-container\">\n\t\t\t\t\t\t\t<div class=\"elementor-counter\">\n\t\t\t<div class=\"elementor-counter-title\">visiteurs<\/div>\t\t\t<div class=\"elementor-counter-number-wrapper\">\n\t\t\t\t<span class=\"elementor-counter-number-prefix\"><\/span>\n\t\t\t\t<span class=\"elementor-counter-number\" data-duration=\"1000\" data-to-value=\"47871\" data-from-value=\"\" data-delimiter=\".\"><\/span>\n\t\t\t\t<span class=\"elementor-counter-number-suffix\"><\/span>\n\t\t\t<\/div>\n\t\t<\/div>\n\t\t\t\t\t\t<\/div>\n\t\t\t\t<\/div>\n\t\t\t\t<\/div>\n\t\t\t\t<\/div>\n\t\t<div class=\"elementor-element elementor-element-32c173e e-con-full e-flex e-con e-child\" data-id=\"32c173e\" data-element_type=\"container\">\n\t\t<div class=\"elementor-element elementor-element-69611f5 e-con-full e-flex e-con e-child\" data-id=\"69611f5\" data-element_type=\"container\">\n\t\t\t\t<div class=\"elementor-element elementor-element-8a0041a elementor-widget elementor-widget-counter\" data-id=\"8a0041a\" data-element_type=\"widget\" data-widget_type=\"counter.default\">\n\t\t\t\t<div class=\"elementor-widget-container\">\n\t\t\t\t\t\t\t<div class=\"elementor-counter\">\n\t\t\t<div class=\"elementor-counter-title\">marques<\/div>\t\t\t<div class=\"elementor-counter-number-wrapper\">\n\t\t\t\t<span class=\"elementor-counter-number-prefix\"><\/span>\n\t\t\t\t<span class=\"elementor-counter-number\" data-duration=\"1000\" data-to-value=\"3000\" data-from-value=\"\" data-delimiter=\".\"><\/span>\n\t\t\t\t<span class=\"elementor-counter-number-suffix\"><\/span>\n\t\t\t<\/div>\n\t\t<\/div>\n\t\t\t\t\t\t<\/div>\n\t\t\t\t<\/div>\n\t\t\t\t<\/div>\n\t\t<div class=\"elementor-element elementor-element-e5a74e0 e-con-full e-flex e-con e-child\" data-id=\"e5a74e0\" data-element_type=\"container\">\n\t\t\t\t<div class=\"elementor-element elementor-element-f33f613 elementor-widget elementor-widget-counter\" data-id=\"f33f613\" data-element_type=\"widget\" data-widget_type=\"counter.default\">\n\t\t\t\t<div class=\"elementor-widget-container\">\n\t\t\t\t\t\t\t<div class=\"elementor-counter\">\n\t\t\t<div class=\"elementor-counter-title\">surface d'exposition nette<\/div>\t\t\t<div class=\"elementor-counter-number-wrapper\">\n\t\t\t\t<span class=\"elementor-counter-number-prefix\"><\/span>\n\t\t\t\t<span class=\"elementor-counter-number\" data-duration=\"1000\" data-to-value=\"25000\" data-from-value=\"\" data-delimiter=\".\"><\/span>\n\t\t\t\t<span class=\"elementor-counter-number-suffix\">m\u00b2<\/span>\n\t\t\t<\/div>\n\t\t<\/div>\n\t\t\t\t\t\t<\/div>\n\t\t\t\t<\/div>\n\t\t\t\t<\/div>\n\t\t\t\t<\/div>\n\t\t\t\t<\/div>\n\t\t\t\t\t<\/div>\n\t\t\t\t<\/div>\n\t\t<div class=\"elementor-element elementor-element-86fbc6a e-flex e-con-boxed e-con e-parent\" data-id=\"86fbc6a\" data-element_type=\"container\" data-settings=\"{&quot;background_background&quot;:&quot;classic&quot;}\">\n\t\t\t\t\t<div class=\"e-con-inner\">\n\t\t<div class=\"elementor-element elementor-element-78bb904 e-con-full e-flex e-con e-child\" data-id=\"78bb904\" data-element_type=\"container\">\n\t\t\t\t<div class=\"elementor-element elementor-element-617d6bd elementor-widget elementor-widget-text-editor\" data-id=\"617d6bd\" data-element_type=\"widget\" data-widget_type=\"text-editor.default\">\n\t\t\t\t<div class=\"elementor-widget-container\">\n\t\t\t\t\t\t\t\t\t<h2>What exhibitors say?<\/h2>\n\t\t\t\t\t\t\t\t<\/div>\n\t\t\t\t<\/div>\n\t\t\t\t<div class=\"elementor-element elementor-element-ff09555 elementor-testimonial--skin-default elementor-testimonial--layout-image_inline elementor-testimonial--align-center elementor-arrows-yes elementor-widget elementor-widget-testimonial-carousel\" data-id=\"ff09555\" data-element_type=\"widget\" data-settings=\"{&quot;slides_per_view&quot;:&quot;2&quot;,&quot;slides_to_scroll&quot;:&quot;1&quot;,&quot;show_arrows&quot;:&quot;yes&quot;,&quot;speed&quot;:500,&quot;autoplay&quot;:&quot;yes&quot;,&quot;autoplay_speed&quot;:5000,&quot;loop&quot;:&quot;yes&quot;,&quot;pause_on_hover&quot;:&quot;yes&quot;,&quot;pause_on_interaction&quot;:&quot;yes&quot;,&quot;space_between&quot;:{&quot;unit&quot;:&quot;px&quot;,&quot;size&quot;:10,&quot;sizes&quot;:[]},&quot;space_between_laptop&quot;:{&quot;unit&quot;:&quot;px&quot;,&quot;size&quot;:10,&quot;sizes&quot;:[]},&quot;space_between_tablet&quot;:{&quot;unit&quot;:&quot;px&quot;,&quot;size&quot;:10,&quot;sizes&quot;:[]},&quot;space_between_mobile&quot;:{&quot;unit&quot;:&quot;px&quot;,&quot;size&quot;:10,&quot;sizes&quot;:[]}}\" data-widget_type=\"testimonial-carousel.default\">\n\t\t\t\t<div class=\"elementor-widget-container\">\n\t\t\t\t\t\t\t\t\t<div class=\"elementor-swiper\">\n\t\t\t\t\t<div class=\"elementor-main-swiper swiper\" role=\"region\" aria-roledescription=\"carousel\" aria-label=\"Slides\">\n\t\t\t\t<div class=\"swiper-wrapper\">\n\t\t\t\t\t\t\t\t\t\t\t<div class=\"swiper-slide\" role=\"group\" aria-roledescription=\"slide\">\n\t\t\t\t\t\t\t\t\t<div class=\"elementor-testimonial\">\n\t\t\t\t\t\t\t<div class=\"elementor-testimonial__content\">\n\t\t\t\t\t<div class=\"elementor-testimonial__text\">\n\t\t\t\t\t\t<p>Gr\u00e2ce notamment \u00e0 notre participation \u00e0 Horeca Expo, nous avons r\u00e9ussi \u00e0 pr\u00e9senter nos innovations \u00e0 des entrepreneurs de restauration de qualit\u00e9. Horeca Expo nous offre une excellente plateforme pour mettre en avant nos nouvelles cr\u00e9ations ainsi que notre approche du march\u00e9.<\/p>\n\t\t\t\t\t<\/div>\n\t\t\t\t\t\t\t\t\t<\/div>\n\t\t\t\t\t\t<div class=\"elementor-testimonial__footer\">\n\t\t\t\t\t\t\t\t\t<div class=\"elementor-testimonial__image\">\n\t\t\t\t\t\t<img decoding=\"async\" src=\"https:\/\/easyfairsassets.com\/sites\/388\/2019\/04\/horeca-expo-palm.png\" alt=\"Peter Buelens\">\n\t\t\t\t\t\t\t\t\t\t\t<\/div>\n\t\t\t\t\t\t\t\t<cite class=\"elementor-testimonial__cite\"><span class=\"elementor-testimonial__name\">Peter Buelens<\/span><span class=\"elementor-testimonial__title\">PR &amp; Communications Manager<\/span><\/cite>\t\t\t<\/div>\n\t\t<\/div>\n\t\t\t\t\t\t\t\t<\/div>\n\t\t\t\t\t\t\t\t\t\t\t<div class=\"swiper-slide\" role=\"group\" aria-roledescription=\"slide\">\n\t\t\t\t\t\t\t\t\t<div class=\"elementor-testimonial\">\n\t\t\t\t\t\t\t<div class=\"elementor-testimonial__content\">\n\t\t\t\t\t<div class=\"elementor-testimonial__text\">\n\t\t\t\t\t\t<p>Horeca Expo est le rendez-vous par excellence des professionnels de l'h\u00f4tellerie et de la restauration.<br \/>Il nous donne l'occasion d'accueillir notre client\u00e8le existante, ainsi que des clients potentiels, dans un cadre gastronomique pendant plusieurs jours.<br \/>En outre, le salon nous donne l'occasion de pr\u00e9senter et de lancer nos innovations au grand public dans le secteur de la restauration.<\/p>\n\t\t\t\t\t<\/div>\n\t\t\t\t\t\t\t\t\t<\/div>\n\t\t\t\t\t\t<div class=\"elementor-testimonial__footer\">\n\t\t\t\t\t\t\t\t\t<div class=\"elementor-testimonial__image\">\n\t\t\t\t\t\t<img decoding=\"async\" src=\"https:\/\/easyfairsassets.com\/sites\/388\/2019\/04\/horeca-expo-rombouts.png\" alt=\"Paul Brichau\">\n\t\t\t\t\t\t\t\t\t\t\t<\/div>\n\t\t\t\t\t\t\t\t<cite class=\"elementor-testimonial__cite\"><span class=\"elementor-testimonial__name\">Paul Brichau<\/span><span class=\"elementor-testimonial__title\">Commercieel Directeur HoReCa Belux<\/span><\/cite>\t\t\t<\/div>\n\t\t<\/div>\n\t\t\t\t\t\t\t\t<\/div>\n\t\t\t\t\t\t\t\t\t<\/div>\n\t\t\t\t\t\t\t\t\t\t\t\t\t\t\t<div class=\"elementor-swiper-button elementor-swiper-button-prev\" role=\"button\" tabindex=\"0\" aria-label=\"Previous\">\n\t\t\t\t\t\t\t<i aria-hidden=\"true\" class=\"eicon-chevron-left\"><\/i>\t\t\t\t\t\t<\/div>\n\t\t\t\t\t\t<div class=\"elementor-swiper-button elementor-swiper-button-next\" role=\"button\" tabindex=\"0\" aria-label=\"Next\">\n\t\t\t\t\t\t\t<i aria-hidden=\"true\" class=\"eicon-chevron-right\"><\/i>\t\t\t\t\t\t<\/div>\n\t\t\t\t\t\t\t\t\t\t\t\t\t\t\t\t\t<\/div>\n\t\t\t\t<\/div>\n\t\t\t\t\t\t\t\t<\/div>\n\t\t\t\t<\/div>\n\t\t\t\t<\/div>\n\t\t\t\t\t<\/div>\n\t\t\t\t<\/div>\n\t\t\t\t<\/div>\n\t\t","protected":false},"excerpt":{"rendered":"<p>Un rendez-vous incontournable. Horeca Expo est depuis 36 ann\u00e9es le plus grand salon professionnel de l\u2019horeca et des cuisines de collectivit\u00e9s en Belgique.Plus de 600 exposants, repr\u00e9sentant 3.000 marques, vous y pr\u00e9sentent leurs nouveaut\u00e9s en mati\u00e8re de produits, services et tendances.Outre l\u2019offre en food et non-food, Horeca Expo vous propose un programme d\u2019activit\u00e9s \u00e9tendu comme [&hellip;]<\/p>\n","protected":false},"author":44,"featured_media":0,"parent":0,"menu_order":0,"comment_status":"closed","ping_status":"closed","template":"","meta":{"_seopress_robots_primary_cat":"","_seopress_titles_title":"Horeca Expo | 15 - 18.11.26 | facts & figures","_seopress_titles_desc":"Un point de rendez-vous inconstestable avec plus de 600 exposants, 47.000 visiteurs, 3.000 marques et 54.000m\u00b2 superficie.","_seopress_robots_index":"","footnotes":""},"class_list":["post-74554","page","type-page","status-publish","hentry"],"_links":{"self":[{"href":"https:\/\/www.horecaexpo.be\/fr\/wp-json\/wp\/v2\/pages\/74554","targetHints":{"allow":["GET"]}}],"collection":[{"href":"https:\/\/www.horecaexpo.be\/fr\/wp-json\/wp\/v2\/pages"}],"about":[{"href":"https:\/\/www.horecaexpo.be\/fr\/wp-json\/wp\/v2\/types\/page"}],"author":[{"embeddable":true,"href":"https:\/\/www.horecaexpo.be\/fr\/wp-json\/wp\/v2\/users\/44"}],"replies":[{"embeddable":true,"href":"https:\/\/www.horecaexpo.be\/fr\/wp-json\/wp\/v2\/comments?post=74554"}],"version-history":[{"count":2,"href":"https:\/\/www.horecaexpo.be\/fr\/wp-json\/wp\/v2\/pages\/74554\/revisions"}],"predecessor-version":[{"id":283730,"href":"https:\/\/www.horecaexpo.be\/fr\/wp-json\/wp\/v2\/pages\/74554\/revisions\/283730"}],"wp:attachment":[{"href":"https:\/\/www.horecaexpo.be\/fr\/wp-json\/wp\/v2\/media?parent=74554"}],"curies":[{"name":"wp","href":"https:\/\/api.w.org\/{rel}","templated":true}]}}