{"id":1921,"date":"2019-03-21T13:46:11","date_gmt":"2019-03-21T12:46:11","guid":{"rendered":"https:\/\/www.horecaexpo.be\/technology-boulevard\/"},"modified":"2025-11-14T17:16:13","modified_gmt":"2025-11-14T16:16:13","slug":"technology-boulevard","status":"publish","type":"page","link":"https:\/\/www.horecaexpo.be\/fr\/technology-boulevard\/","title":{"rendered":"chef&rsquo;s place"},"content":{"rendered":"\t\t<div data-elementor-type=\"wp-post\" data-elementor-id=\"1921\" class=\"elementor elementor-1921 elementor-416\" data-elementor-post-type=\"page\">\n\t\t\t\t<div class=\"elementor-element elementor-element-97d5512 e-flex e-con-boxed e-con e-parent\" data-id=\"97d5512\" data-element_type=\"container\" data-settings=\"{&quot;background_background&quot;:&quot;classic&quot;}\">\n\t\t\t\t\t<div class=\"e-con-inner\">\n\t\t<div class=\"elementor-element elementor-element-f771936 e-con-full e-flex e-con e-child\" data-id=\"f771936\" data-element_type=\"container\" data-settings=\"{&quot;background_background&quot;:&quot;classic&quot;}\">\n\t\t\t\t<div class=\"elementor-element elementor-element-ca28b35 elementor-widget elementor-widget-image\" data-id=\"ca28b35\" data-element_type=\"widget\" data-widget_type=\"image.default\">\n\t\t\t\t<div class=\"elementor-widget-container\">\n\t\t\t\t\t\t\t\t\t\t\t\t\t\t\t<img fetchpriority=\"high\" decoding=\"async\" width=\"354\" height=\"414\" src=\"https:\/\/easyfairsassets.com\/sites\/388\/2025\/02\/chefsplace-logo.svg\" class=\"attachment-full size-full wp-image-247654\" alt=\"\" \/>\t\t\t\t\t\t\t\t\t\t\t\t\t\t\t<\/div>\n\t\t\t\t<\/div>\n\t\t\t\t<\/div>\n\t\t\t\t\t<\/div>\n\t\t\t\t<\/div>\n\t\t<div class=\"elementor-element elementor-element-7a35da9 e-flex e-con-boxed e-con e-parent\" data-id=\"7a35da9\" data-element_type=\"container\" data-settings=\"{&quot;background_background&quot;:&quot;classic&quot;}\">\n\t\t\t\t\t<div class=\"e-con-inner\">\n\t\t\t\t<div class=\"elementor-element elementor-element-828128c elementor-nav-menu__align-center elementor-nav-menu--dropdown-none elementor-widget elementor-widget-nav-menu\" data-id=\"828128c\" data-element_type=\"widget\" data-settings=\"{&quot;submenu_icon&quot;:{&quot;value&quot;:&quot;&lt;i class=\\&quot;fas fa-chevron-down\\&quot; aria-hidden=\\&quot;true\\&quot;&gt;&lt;\\\/i&gt;&quot;,&quot;library&quot;:&quot;fa-solid&quot;},&quot;layout&quot;:&quot;horizontal&quot;}\" data-widget_type=\"nav-menu.default\">\n\t\t\t\t<div class=\"elementor-widget-container\">\n\t\t\t\t\t\t\t\t<nav aria-label=\"Menu\" class=\"elementor-nav-menu--main elementor-nav-menu__container elementor-nav-menu--layout-horizontal e--pointer-underline e--animation-fade\">\n\t\t\t\t<ul id=\"menu-1-828128c\" class=\"elementor-nav-menu\"><li class=\"menu-item menu-item-type-post_type menu-item-object-page menu-item-213816\"><a href=\"https:\/\/www.horecaexpo.be\/fr\/decouvrir-cp\/\" class=\"elementor-item\">D\u00e9couvrir<\/a><\/li>\n<li class=\"menu-item menu-item-type-post_type menu-item-object-page menu-item-213817\"><a href=\"https:\/\/www.horecaexpo.be\/fr\/technology-boulevard\/masterclasses-cp\/\" class=\"elementor-item\">Masterclasses<\/a><\/li>\n<li class=\"menu-item menu-item-type-post_type menu-item-object-page menu-item-213815\"><a href=\"https:\/\/www.horecaexpo.be\/fr\/liste-dexposants-chefs-place\/\" class=\"elementor-item\">Liste des exposants<\/a><\/li>\n<li class=\"menu-item menu-item-type-post_type menu-item-object-page menu-item-213819\"><a href=\"https:\/\/www.horecaexpo.be\/fr\/technology-boulevard\/participer-cp\/\" class=\"elementor-item\">Participer<\/a><\/li>\n<li class=\"menu-item menu-item-type-post_type menu-item-object-page menu-item-home menu-item-213818\"><a href=\"https:\/\/www.horecaexpo.be\/fr\/\" class=\"elementor-item\">Horeca expo<\/a><\/li>\n<\/ul>\t\t\t<\/nav>\n\t\t\t\t\t\t<nav class=\"elementor-nav-menu--dropdown elementor-nav-menu__container\" aria-hidden=\"true\">\n\t\t\t\t<ul id=\"menu-2-828128c\" class=\"elementor-nav-menu\"><li class=\"menu-item menu-item-type-post_type menu-item-object-page menu-item-213816\"><a href=\"https:\/\/www.horecaexpo.be\/fr\/decouvrir-cp\/\" class=\"elementor-item\" tabindex=\"-1\">D\u00e9couvrir<\/a><\/li>\n<li class=\"menu-item menu-item-type-post_type menu-item-object-page menu-item-213817\"><a href=\"https:\/\/www.horecaexpo.be\/fr\/technology-boulevard\/masterclasses-cp\/\" class=\"elementor-item\" tabindex=\"-1\">Masterclasses<\/a><\/li>\n<li class=\"menu-item menu-item-type-post_type menu-item-object-page menu-item-213815\"><a href=\"https:\/\/www.horecaexpo.be\/fr\/liste-dexposants-chefs-place\/\" class=\"elementor-item\" tabindex=\"-1\">Liste des exposants<\/a><\/li>\n<li class=\"menu-item menu-item-type-post_type menu-item-object-page menu-item-213819\"><a href=\"https:\/\/www.horecaexpo.be\/fr\/technology-boulevard\/participer-cp\/\" class=\"elementor-item\" tabindex=\"-1\">Participer<\/a><\/li>\n<li class=\"menu-item menu-item-type-post_type menu-item-object-page menu-item-home menu-item-213818\"><a href=\"https:\/\/www.horecaexpo.be\/fr\/\" class=\"elementor-item\" tabindex=\"-1\">Horeca expo<\/a><\/li>\n<\/ul>\t\t\t<\/nav>\n\t\t\t\t\t\t<\/div>\n\t\t\t\t<\/div>\n\t\t\t\t\t<\/div>\n\t\t\t\t<\/div>\n\t\t<div class=\"elementor-element elementor-element-8545ac6 e-flex e-con-boxed e-con e-parent\" data-id=\"8545ac6\" data-element_type=\"container\" data-settings=\"{&quot;background_background&quot;:&quot;classic&quot;}\">\n\t\t\t\t\t<div class=\"e-con-inner\">\n\t\t<div class=\"elementor-element elementor-element-ab04ee3 e-con-full e-flex e-con e-child\" data-id=\"ab04ee3\" data-element_type=\"container\">\n\t\t\t\t<div class=\"elementor-element elementor-element-d325dbf elementor-widget elementor-widget-text-editor\" data-id=\"d325dbf\" data-element_type=\"widget\" data-widget_type=\"text-editor.default\">\n\t\t\t\t<div class=\"elementor-widget-container\">\n\t\t\t\t\t\t\t\t\t<div class=\"leading-7 [&amp;:not(:first-child)]:mt-4 whitespace-pre-wrap break-words\" role=\"article\">Dans le hall 8, Chef&rsquo;s Place forme <strong>une zone d&rsquo;exp\u00e9rience unique<\/strong> dans un cadre chaleureux o\u00f9 un nombre s\u00e9lectionn\u00e9 d&rsquo;exposants propose une offre de premier choix en d\u00e9licatesses, vins, spiritueux, vaisselle et d\u00e9coration.<\/div>\n<p><\/p>\n<div class=\"leading-7 [&amp;:not(:first-child)]:mt-4 whitespace-pre-wrap break-words\" role=\"article\">\nTout tourne autour de <strong>l&rsquo;essence du produit<\/strong> : pur, honn\u00eate mais de haute qualit\u00e9. Une grande importance est accord\u00e9e aux produits \u00e0 vocation locale, en r\u00e9ponse \u00e0 l&rsquo;attention croissante port\u00e9e \u00e0 l&#8217;empreinte locale et aux circuits courts. Avec, en outre, un accent suppl\u00e9mentaire sur le sensoriel. Une visite \u00e0 Chef&rsquo;s Place devient une exp\u00e9rience o\u00f9 tous les sens sont sollicit\u00e9s.<\/div>\n<p><\/p>\n<div role=\"article\"><\/div>\n<p><\/p>\n<div class=\"leading-7 [&amp;:not(:first-child)]:mt-4 whitespace-pre-wrap break-words\" role=\"article\">Chef&rsquo;s Place est accessible uniquement <strong>sur invitation<\/strong>.<\/div>\n\t\t\t\t\t\t\t\t<\/div>\n\t\t\t\t<\/div>\n\t\t\t\t<\/div>\n\t\t<div class=\"elementor-element elementor-element-876b2bf e-con-full e-flex e-con e-child\" data-id=\"876b2bf\" data-element_type=\"container\">\n\t\t\t\t<div class=\"elementor-element elementor-element-eaaf937 elementor-widget elementor-widget-image\" data-id=\"eaaf937\" data-element_type=\"widget\" data-widget_type=\"image.default\">\n\t\t\t\t<div class=\"elementor-widget-container\">\n\t\t\t\t\t\t\t\t\t\t\t\t\t\t\t<img decoding=\"async\" width=\"494\" height=\"528\" src=\"https:\/\/easyfairsassets.com\/sites\/388\/2025\/02\/Group-114.png\" class=\"attachment-large size-large wp-image-247668\" alt=\"\" srcset=\"https:\/\/easyfairsassets.com\/sites\/388\/2025\/02\/Group-114.png 494w, https:\/\/easyfairsassets.com\/sites\/388\/2025\/02\/Group-114-281x300.png 281w\" sizes=\"(max-width: 494px) 100vw, 494px\" \/>\t\t\t\t\t\t\t\t\t\t\t\t\t\t\t<\/div>\n\t\t\t\t<\/div>\n\t\t\t\t<\/div>\n\t\t\t\t\t<\/div>\n\t\t\t\t<\/div>\n\t\t<div class=\"elementor-element elementor-element-e262537 e-flex e-con-boxed e-con e-parent\" data-id=\"e262537\" data-element_type=\"container\">\n\t\t\t\t\t<div class=\"e-con-inner\">\n\t\t<div class=\"elementor-element elementor-element-f8571f5 e-con-full e-flex e-con e-child\" data-id=\"f8571f5\" data-element_type=\"container\">\n\t\t\t\t<div class=\"elementor-element elementor-element-695baae elementor-skin-carousel elementor-arrows-yes elementor-widget elementor-widget-media-carousel\" data-id=\"695baae\" data-element_type=\"widget\" data-settings=\"{&quot;slides_per_view&quot;:&quot;4&quot;,&quot;slides_to_scroll&quot;:&quot;1&quot;,&quot;slides_per_view_laptop&quot;:&quot;4&quot;,&quot;slides_per_view_tablet&quot;:&quot;2&quot;,&quot;slides_to_scroll_laptop&quot;:&quot;1&quot;,&quot;slides_to_scroll_tablet&quot;:&quot;1&quot;,&quot;skin&quot;:&quot;carousel&quot;,&quot;effect&quot;:&quot;slide&quot;,&quot;show_arrows&quot;:&quot;yes&quot;,&quot;speed&quot;:500,&quot;autoplay&quot;:&quot;yes&quot;,&quot;autoplay_speed&quot;:5000,&quot;loop&quot;:&quot;yes&quot;,&quot;space_between&quot;:{&quot;unit&quot;:&quot;px&quot;,&quot;size&quot;:10,&quot;sizes&quot;:[]},&quot;space_between_laptop&quot;:{&quot;unit&quot;:&quot;px&quot;,&quot;size&quot;:10,&quot;sizes&quot;:[]},&quot;space_between_tablet&quot;:{&quot;unit&quot;:&quot;px&quot;,&quot;size&quot;:10,&quot;sizes&quot;:[]},&quot;space_between_mobile&quot;:{&quot;unit&quot;:&quot;px&quot;,&quot;size&quot;:10,&quot;sizes&quot;:[]}}\" data-widget_type=\"media-carousel.default\">\n\t\t\t\t<div class=\"elementor-widget-container\">\n\t\t\t\t\t\t\t\t\t<div class=\"elementor-swiper\">\n\t\t\t\t\t<div class=\"elementor-main-swiper swiper\" role=\"region\" aria-roledescription=\"carousel\" aria-label=\"Slides\">\n\t\t\t\t<div class=\"swiper-wrapper\">\n\t\t\t\t\t\t\t\t\t\t\t<div class=\"swiper-slide\" role=\"group\" aria-roledescription=\"slide\">\n\t\t\t\t\t\t\t<a href=\"https:\/\/easyfairsassets.com\/sites\/388\/2022\/12\/Masterclass-3.jpg\" data-elementor-open-lightbox=\"yes\" data-elementor-lightbox-slideshow=\"695baae\" data-elementor-lightbox-title=\"Masterclass\" data-elementor-lightbox-description=\"Masterclass 3\" data-e-action-hash=\"#elementor-action%3Aaction%3Dlightbox%26settings%3DeyJpZCI6MTU5NTIwLCJ1cmwiOiJodHRwczpcL1wvaG9yZWNhLWV4cG8tbmV3LmVhc3lmYWlycy5uZXR3b3JrXC93cC1jb250ZW50XC91cGxvYWRzXC9zaXRlc1wvMzg4XC8yMDIyXC8xMlwvTWFzdGVyY2xhc3MtMy5qcGciLCJzbGlkZXNob3ciOiI2OTViYWFlIn0%3D\">\t\t<div class=\"elementor-carousel-image\" role=\"img\" aria-label=\"Masterclass\" style=\"background-image: url(&#039;https:\/\/easyfairsassets.com\/sites\/388\/2022\/12\/Masterclass-3.jpg&#039;)\">\n\n\t\t\t\n\t\t\t\t\t<\/div>\n\t\t<\/a>\t\t\t\t\t\t<\/div>\n\t\t\t\t\t\t\t\t\t\t\t<div class=\"swiper-slide\" role=\"group\" aria-roledescription=\"slide\">\n\t\t\t\t\t\t\t<a href=\"https:\/\/easyfairsassets.com\/sites\/388\/2022\/12\/Chefs-Place-8.jpg\" data-elementor-open-lightbox=\"yes\" data-elementor-lightbox-slideshow=\"695baae\" data-elementor-lightbox-title=\"Chef&#039;s Place\" data-e-action-hash=\"#elementor-action%3Aaction%3Dlightbox%26settings%3DeyJpZCI6MTU5NTU1LCJ1cmwiOiJodHRwczpcL1wvaG9yZWNhLWV4cG8tbmV3LmVhc3lmYWlycy5uZXR3b3JrXC93cC1jb250ZW50XC91cGxvYWRzXC9zaXRlc1wvMzg4XC8yMDIyXC8xMlwvQ2hlZnMtUGxhY2UtOC5qcGciLCJzbGlkZXNob3ciOiI2OTViYWFlIn0%3D\">\t\t<div class=\"elementor-carousel-image\" role=\"img\" aria-label=\"Chef&#039;s Place\" style=\"background-image: url(&#039;https:\/\/easyfairsassets.com\/sites\/388\/2022\/12\/Chefs-Place-8.jpg&#039;)\">\n\n\t\t\t\n\t\t\t\t\t<\/div>\n\t\t<\/a>\t\t\t\t\t\t<\/div>\n\t\t\t\t\t\t\t\t\t\t\t<div class=\"swiper-slide\" role=\"group\" aria-roledescription=\"slide\">\n\t\t\t\t\t\t\t<a href=\"https:\/\/easyfairsassets.com\/sites\/388\/2022\/12\/Chefs-Place-7.jpg\" data-elementor-open-lightbox=\"yes\" data-elementor-lightbox-slideshow=\"695baae\" data-elementor-lightbox-title=\"Chef&#039;s Place\" data-e-action-hash=\"#elementor-action%3Aaction%3Dlightbox%26settings%3DeyJpZCI6MTU5NTUzLCJ1cmwiOiJodHRwczpcL1wvaG9yZWNhLWV4cG8tbmV3LmVhc3lmYWlycy5uZXR3b3JrXC93cC1jb250ZW50XC91cGxvYWRzXC9zaXRlc1wvMzg4XC8yMDIyXC8xMlwvQ2hlZnMtUGxhY2UtNy5qcGciLCJzbGlkZXNob3ciOiI2OTViYWFlIn0%3D\">\t\t<div class=\"elementor-carousel-image\" role=\"img\" aria-label=\"Chef&#039;s Place\" style=\"background-image: url(&#039;https:\/\/easyfairsassets.com\/sites\/388\/2022\/12\/Chefs-Place-7.jpg&#039;)\">\n\n\t\t\t\n\t\t\t\t\t<\/div>\n\t\t<\/a>\t\t\t\t\t\t<\/div>\n\t\t\t\t\t\t\t\t\t\t\t<div class=\"swiper-slide\" role=\"group\" aria-roledescription=\"slide\">\n\t\t\t\t\t\t\t<a href=\"https:\/\/easyfairsassets.com\/sites\/388\/2022\/12\/Chefs-Place-3.jpg\" data-elementor-open-lightbox=\"yes\" data-elementor-lightbox-slideshow=\"695baae\" data-elementor-lightbox-title=\"Chef&#039;s Place\" data-e-action-hash=\"#elementor-action%3Aaction%3Dlightbox%26settings%3DeyJpZCI6MTU5NTQ1LCJ1cmwiOiJodHRwczpcL1wvaG9yZWNhLWV4cG8tbmV3LmVhc3lmYWlycy5uZXR3b3JrXC93cC1jb250ZW50XC91cGxvYWRzXC9zaXRlc1wvMzg4XC8yMDIyXC8xMlwvQ2hlZnMtUGxhY2UtMy5qcGciLCJzbGlkZXNob3ciOiI2OTViYWFlIn0%3D\">\t\t<div class=\"elementor-carousel-image\" role=\"img\" aria-label=\"Chef&#039;s Place\" style=\"background-image: url(&#039;https:\/\/easyfairsassets.com\/sites\/388\/2022\/12\/Chefs-Place-3.jpg&#039;)\">\n\n\t\t\t\n\t\t\t\t\t<\/div>\n\t\t<\/a>\t\t\t\t\t\t<\/div>\n\t\t\t\t\t\t\t\t\t\t\t<div class=\"swiper-slide\" role=\"group\" aria-roledescription=\"slide\">\n\t\t\t\t\t\t\t<a href=\"https:\/\/easyfairsassets.com\/sites\/388\/2022\/12\/Chefs-Place-6.jpg\" data-elementor-open-lightbox=\"yes\" data-elementor-lightbox-slideshow=\"695baae\" data-elementor-lightbox-title=\"Chef&#039;s Place\" data-e-action-hash=\"#elementor-action%3Aaction%3Dlightbox%26settings%3DeyJpZCI6MTU5NTUxLCJ1cmwiOiJodHRwczpcL1wvaG9yZWNhLWV4cG8tbmV3LmVhc3lmYWlycy5uZXR3b3JrXC93cC1jb250ZW50XC91cGxvYWRzXC9zaXRlc1wvMzg4XC8yMDIyXC8xMlwvQ2hlZnMtUGxhY2UtNi5qcGciLCJzbGlkZXNob3ciOiI2OTViYWFlIn0%3D\">\t\t<div class=\"elementor-carousel-image\" role=\"img\" aria-label=\"Chef&#039;s Place\" style=\"background-image: url(&#039;https:\/\/easyfairsassets.com\/sites\/388\/2022\/12\/Chefs-Place-6.jpg&#039;)\">\n\n\t\t\t\n\t\t\t\t\t<\/div>\n\t\t<\/a>\t\t\t\t\t\t<\/div>\n\t\t\t\t\t\t\t\t\t\t\t<div class=\"swiper-slide\" role=\"group\" aria-roledescription=\"slide\">\n\t\t\t\t\t\t\t<a href=\"https:\/\/easyfairsassets.com\/sites\/388\/2023\/05\/Masterclass-9.jpg\" data-elementor-open-lightbox=\"yes\" data-elementor-lightbox-slideshow=\"695baae\" data-elementor-lightbox-title=\"Masterclass 9\" data-elementor-lightbox-description=\"Masterclass\" data-e-action-hash=\"#elementor-action%3Aaction%3Dlightbox%26settings%3DeyJpZCI6MTcwNDc3LCJ1cmwiOiJodHRwczpcL1wvaG9yZWNhLWV4cG8tbmV3LmVhc3lmYWlycy5uZXR3b3JrXC93cC1jb250ZW50XC91cGxvYWRzXC9zaXRlc1wvMzg4XC8yMDIzXC8wNVwvTWFzdGVyY2xhc3MtOS5qcGciLCJzbGlkZXNob3ciOiI2OTViYWFlIn0%3D\">\t\t<div class=\"elementor-carousel-image\" role=\"img\" aria-label=\"Masterclass\" style=\"background-image: url(&#039;https:\/\/easyfairsassets.com\/sites\/388\/2023\/05\/Masterclass-9.jpg&#039;)\">\n\n\t\t\t\n\t\t\t\t\t<\/div>\n\t\t<\/a>\t\t\t\t\t\t<\/div>\n\t\t\t\t\t\t\t\t\t\t\t<div class=\"swiper-slide\" role=\"group\" aria-roledescription=\"slide\">\n\t\t\t\t\t\t\t<a href=\"https:\/\/easyfairsassets.com\/sites\/388\/2022\/12\/Chefs-Place-5.jpg\" data-elementor-open-lightbox=\"yes\" data-elementor-lightbox-slideshow=\"695baae\" data-elementor-lightbox-title=\"Chef&#039;s Place\" data-e-action-hash=\"#elementor-action%3Aaction%3Dlightbox%26settings%3DeyJpZCI6MTU5NTQ5LCJ1cmwiOiJodHRwczpcL1wvaG9yZWNhLWV4cG8tbmV3LmVhc3lmYWlycy5uZXR3b3JrXC93cC1jb250ZW50XC91cGxvYWRzXC9zaXRlc1wvMzg4XC8yMDIyXC8xMlwvQ2hlZnMtUGxhY2UtNS5qcGciLCJzbGlkZXNob3ciOiI2OTViYWFlIn0%3D\">\t\t<div class=\"elementor-carousel-image\" role=\"img\" aria-label=\"Chef&#039;s Place\" style=\"background-image: url(&#039;https:\/\/easyfairsassets.com\/sites\/388\/2022\/12\/Chefs-Place-5.jpg&#039;)\">\n\n\t\t\t\n\t\t\t\t\t<\/div>\n\t\t<\/a>\t\t\t\t\t\t<\/div>\n\t\t\t\t\t\t\t\t\t\t\t<div class=\"swiper-slide\" role=\"group\" aria-roledescription=\"slide\">\n\t\t\t\t\t\t\t<a href=\"https:\/\/easyfairsassets.com\/sites\/388\/2022\/12\/Chefs-Place-4.jpg\" data-elementor-open-lightbox=\"yes\" data-elementor-lightbox-slideshow=\"695baae\" data-elementor-lightbox-title=\"Chef&#039;s Place\" data-e-action-hash=\"#elementor-action%3Aaction%3Dlightbox%26settings%3DeyJpZCI6MTU5NTQ3LCJ1cmwiOiJodHRwczpcL1wvaG9yZWNhLWV4cG8tbmV3LmVhc3lmYWlycy5uZXR3b3JrXC93cC1jb250ZW50XC91cGxvYWRzXC9zaXRlc1wvMzg4XC8yMDIyXC8xMlwvQ2hlZnMtUGxhY2UtNC5qcGciLCJzbGlkZXNob3ciOiI2OTViYWFlIn0%3D\">\t\t<div class=\"elementor-carousel-image\" role=\"img\" aria-label=\"Chef&#039;s Place\" style=\"background-image: url(&#039;https:\/\/easyfairsassets.com\/sites\/388\/2022\/12\/Chefs-Place-4.jpg&#039;)\">\n\n\t\t\t\n\t\t\t\t\t<\/div>\n\t\t<\/a>\t\t\t\t\t\t<\/div>\n\t\t\t\t\t\t\t\t\t\t\t<div class=\"swiper-slide\" role=\"group\" aria-roledescription=\"slide\">\n\t\t\t\t\t\t\t\t\t<div class=\"elementor-carousel-image\" role=\"img\" aria-label=\"Chef&#039;s Place\" style=\"background-image: url(&#039;https:\/\/easyfairsassets.com\/sites\/388\/2022\/12\/Chefs-Place-2.jpg&#039;)\">\n\n\t\t\t\n\t\t\t\t\t<\/div>\n\t\t\t\t\t\t\t\t<\/div>\n\t\t\t\t\t\t\t\t\t\t\t<div class=\"swiper-slide\" role=\"group\" aria-roledescription=\"slide\">\n\t\t\t\t\t\t\t\t\t<div class=\"elementor-carousel-image\" role=\"img\" aria-label=\"Masterclass\" style=\"background-image: url(&#039;https:\/\/easyfairsassets.com\/sites\/388\/2022\/12\/Masterclass-7.jpg&#039;)\">\n\n\t\t\t\n\t\t\t\t\t<\/div>\n\t\t\t\t\t\t\t\t<\/div>\n\t\t\t\t\t\t\t\t\t\t\t<div class=\"swiper-slide\" role=\"group\" aria-roledescription=\"slide\">\n\t\t\t\t\t\t\t\t\t<div class=\"elementor-carousel-image\" role=\"img\" aria-label=\"Chef&#039;s Place\" style=\"background-image: url(&#039;https:\/\/easyfairsassets.com\/sites\/388\/2022\/12\/Chefs-Place-1.jpg&#039;)\">\n\n\t\t\t\n\t\t\t\t\t<\/div>\n\t\t\t\t\t\t\t\t<\/div>\n\t\t\t\t\t\t\t\t\t\t\t<div class=\"swiper-slide\" role=\"group\" aria-roledescription=\"slide\">\n\t\t\t\t\t\t\t\t\t<div class=\"elementor-carousel-image\" role=\"img\" aria-label=\"Masterclass\" style=\"background-image: url(&#039;https:\/\/easyfairsassets.com\/sites\/388\/2022\/12\/Masterclass-5.jpg&#039;)\">\n\n\t\t\t\n\t\t\t\t\t<\/div>\n\t\t\t\t\t\t\t\t<\/div>\n\t\t\t\t\t\t\t\t\t<\/div>\n\t\t\t\t\t\t\t\t\t\t\t\t\t\t\t<div class=\"elementor-swiper-button elementor-swiper-button-prev\" role=\"button\" tabindex=\"0\" aria-label=\"Previous\">\n\t\t\t\t\t\t\t<i aria-hidden=\"true\" class=\"eicon-chevron-left\"><\/i>\t\t\t\t\t\t<\/div>\n\t\t\t\t\t\t<div class=\"elementor-swiper-button elementor-swiper-button-next\" role=\"button\" tabindex=\"0\" aria-label=\"Next\">\n\t\t\t\t\t\t\t<i aria-hidden=\"true\" class=\"eicon-chevron-right\"><\/i>\t\t\t\t\t\t<\/div>\n\t\t\t\t\t\t\t\t\t\t\t\t\t\t\t\t\t<\/div>\n\t\t\t\t<\/div>\n\t\t\t\t\t\t\t\t<\/div>\n\t\t\t\t<\/div>\n\t\t\t\t<\/div>\n\t\t\t\t\t<\/div>\n\t\t\t\t<\/div>\n\t\t\t\t<\/div>\n\t\t","protected":false},"excerpt":{"rendered":"<p>Dans le hall 8, Chef&rsquo;s Place forme une zone d&rsquo;exp\u00e9rience unique dans un cadre chaleureux o\u00f9 un nombre s\u00e9lectionn\u00e9 d&rsquo;exposants propose une offre de premier choix en d\u00e9licatesses, vins, spiritueux, vaisselle et d\u00e9coration. Tout tourne autour de l&rsquo;essence du produit : pur, honn\u00eate mais de haute qualit\u00e9. Une grande importance est accord\u00e9e aux produits \u00e0 [&hellip;]<\/p>\n","protected":false},"author":949,"featured_media":0,"parent":0,"menu_order":0,"comment_status":"closed","ping_status":"closed","template":"","meta":{"_seopress_robots_primary_cat":"","_seopress_titles_title":"","_seopress_titles_desc":"","_seopress_robots_index":"","footnotes":""},"class_list":["post-1921","page","type-page","status-publish","hentry"],"_links":{"self":[{"href":"https:\/\/www.horecaexpo.be\/fr\/wp-json\/wp\/v2\/pages\/1921","targetHints":{"allow":["GET"]}}],"collection":[{"href":"https:\/\/www.horecaexpo.be\/fr\/wp-json\/wp\/v2\/pages"}],"about":[{"href":"https:\/\/www.horecaexpo.be\/fr\/wp-json\/wp\/v2\/types\/page"}],"author":[{"embeddable":true,"href":"https:\/\/www.horecaexpo.be\/fr\/wp-json\/wp\/v2\/users\/949"}],"replies":[{"embeddable":true,"href":"https:\/\/www.horecaexpo.be\/fr\/wp-json\/wp\/v2\/comments?post=1921"}],"version-history":[{"count":0,"href":"https:\/\/www.horecaexpo.be\/fr\/wp-json\/wp\/v2\/pages\/1921\/revisions"}],"wp:attachment":[{"href":"https:\/\/www.horecaexpo.be\/fr\/wp-json\/wp\/v2\/media?parent=1921"}],"curies":[{"name":"wp","href":"https:\/\/api.w.org\/{rel}","templated":true}]}}