{"id":1856,"date":"2019-03-21T13:46:22","date_gmt":"2019-03-21T12:46:22","guid":{"rendered":"https:\/\/www.horecaexpo.be\/start-up-lane\/"},"modified":"2026-03-16T15:34:09","modified_gmt":"2026-03-16T14:34:09","slug":"start-up-lane","status":"publish","type":"page","link":"https:\/\/www.horecaexpo.be\/fr\/start-up-lane\/","title":{"rendered":"start-ups"},"content":{"rendered":"\t\t<div data-elementor-type=\"wp-post\" data-elementor-id=\"1856\" class=\"elementor elementor-1856 elementor-426\" data-elementor-post-type=\"page\">\n\t\t\t\t<div class=\"elementor-element elementor-element-059109b e-flex e-con-boxed e-con e-parent\" data-id=\"059109b\" data-element_type=\"container\" data-settings=\"{&quot;background_background&quot;:&quot;classic&quot;}\">\n\t\t\t\t\t<div class=\"e-con-inner\">\n\t\t<div class=\"elementor-element elementor-element-eadd892 e-con-full e-flex e-con e-child\" data-id=\"eadd892\" data-element_type=\"container\">\n\t\t\t\t<div class=\"elementor-element elementor-element-19370f4 elementor-widget elementor-widget-heading\" data-id=\"19370f4\" data-element_type=\"widget\" data-widget_type=\"heading.default\">\n\t\t\t\t<div class=\"elementor-widget-container\">\n\t\t\t\t\t<h1 class=\"elementor-heading-title elementor-size-default\">start-ups \u00e0 Horeca Expo<\/h1>\t\t\t\t<\/div>\n\t\t\t\t<\/div>\n\t\t\t\t<div class=\"elementor-element elementor-element-a543955 elementor-widget elementor-widget-text-editor\" data-id=\"a543955\" data-element_type=\"widget\" data-widget_type=\"text-editor.default\">\n\t\t\t\t<div class=\"elementor-widget-container\">\n\t\t\t\t\t\t\t\t\t<p>Horeca Expo est un formidable tremplin pour les starters \u00e0 l\u2019avenir prometteur. La zone Start-up dans le hall 4 r\u00e9unit en effet une s\u00e9rie de jeunes entreprises du secteur, venues pr\u00e9senter leurs nouveaut\u00e9s au public. Cette zone Start-up offre une opportunit\u00e9 unique de promouvoir vos produits.<\/p>\n\t\t\t\t\t\t\t\t<\/div>\n\t\t\t\t<\/div>\n\t\t\t\t<\/div>\n\t\t\t\t\t<\/div>\n\t\t\t\t<\/div>\n\t\t<div class=\"elementor-element elementor-element-e4b31af e-flex e-con-boxed e-con e-parent\" data-id=\"e4b31af\" data-element_type=\"container\">\n\t\t\t\t\t<div class=\"e-con-inner\">\n\t\t<div class=\"elementor-element elementor-element-878560c e-con-full e-flex e-con e-child\" data-id=\"878560c\" data-element_type=\"container\">\n\t\t<div class=\"elementor-element elementor-element-7e01eed e-con-full e-flex e-con e-child\" data-id=\"7e01eed\" data-element_type=\"container\">\n\t\t\t\t<div class=\"elementor-element elementor-element-ab4a32c elementor-widget elementor-widget-heading\" data-id=\"ab4a32c\" data-element_type=\"widget\" data-widget_type=\"heading.default\">\n\t\t\t\t<div class=\"elementor-widget-container\">\n\t\t\t\t\t<h2 class=\"elementor-heading-title elementor-size-default\">Conditions de participation<\/h2>\t\t\t\t<\/div>\n\t\t\t\t<\/div>\n\t\t\t\t<div class=\"elementor-element elementor-element-159f031 elementor-align-left elementor-list-item-link-inline elementor-icon-list--layout-traditional elementor-widget elementor-widget-icon-list\" data-id=\"159f031\" data-element_type=\"widget\" data-widget_type=\"icon-list.default\">\n\t\t\t\t<div class=\"elementor-widget-container\">\n\t\t\t\t\t\t\t<ul class=\"elementor-icon-list-items\">\n\t\t\t\t\t\t\t<li class=\"elementor-icon-list-item\">\n\t\t\t\t\t\t\t\t\t\t\t<span class=\"elementor-icon-list-icon\">\n\t\t\t\t\t\t\t<i aria-hidden=\"true\" class=\"fas fa-caret-right\"><\/i>\t\t\t\t\t\t<\/span>\n\t\t\t\t\t\t\t\t\t\t<span class=\"elementor-icon-list-text\">Vous avez une offre vers les professionnels dans le secteur<\/span>\n\t\t\t\t\t\t\t\t\t<\/li>\n\t\t\t\t\t\t\t\t<li class=\"elementor-icon-list-item\">\n\t\t\t\t\t\t\t\t\t\t\t<span class=\"elementor-icon-list-icon\">\n\t\t\t\t\t\t\t<i aria-hidden=\"true\" class=\"fas fa-caret-right\"><\/i>\t\t\t\t\t\t<\/span>\n\t\t\t\t\t\t\t\t\t\t<span class=\"elementor-icon-list-text\">Vous pouvez pr\u00e9senter un nouveau produit (ou service) pendant le salon<\/span>\n\t\t\t\t\t\t\t\t\t<\/li>\n\t\t\t\t\t\t\t\t<li class=\"elementor-icon-list-item\">\n\t\t\t\t\t\t\t\t\t\t\t<span class=\"elementor-icon-list-icon\">\n\t\t\t\t\t\t\t<i aria-hidden=\"true\" class=\"fas fa-caret-right\"><\/i>\t\t\t\t\t\t<\/span>\n\t\t\t\t\t\t\t\t\t\t<span class=\"elementor-icon-list-text\">Votre entreprise a \u00e9t\u00e9 fond\u00e9e en 2025 ou plus tard<\/span>\n\t\t\t\t\t\t\t\t\t<\/li>\n\t\t\t\t\t\t\t\t<li class=\"elementor-icon-list-item\">\n\t\t\t\t\t\t\t\t\t\t\t<span class=\"elementor-icon-list-icon\">\n\t\t\t\t\t\t\t<i aria-hidden=\"true\" class=\"fas fa-caret-right\"><\/i>\t\t\t\t\t\t<\/span>\n\t\t\t\t\t\t\t\t\t\t<span class=\"elementor-icon-list-text\">Vous n'avez pas encore particip\u00e9 en tant que start-up \u00e0 Horeca Expo<\/span>\n\t\t\t\t\t\t\t\t\t<\/li>\n\t\t\t\t\t\t<\/ul>\n\t\t\t\t\t\t<\/div>\n\t\t\t\t<\/div>\n\t\t\t\t<\/div>\n\t\t<div class=\"elementor-element elementor-element-17ee67f e-con-full e-flex e-con e-child\" data-id=\"17ee67f\" data-element_type=\"container\">\n\t\t\t\t<div class=\"elementor-element elementor-element-4c3c598 elementor-widget elementor-widget-heading\" data-id=\"4c3c598\" data-element_type=\"widget\" data-widget_type=\"heading.default\">\n\t\t\t\t<div class=\"elementor-widget-container\">\n\t\t\t\t\t<h2 class=\"elementor-heading-title elementor-size-default\">Paquet de Start-up<\/h2>\t\t\t\t<\/div>\n\t\t\t\t<\/div>\n\t\t\t\t<div class=\"elementor-element elementor-element-d53a313 elementor-align-left elementor-list-item-link-inline elementor-icon-list--layout-traditional elementor-widget elementor-widget-icon-list\" data-id=\"d53a313\" data-element_type=\"widget\" data-widget_type=\"icon-list.default\">\n\t\t\t\t<div class=\"elementor-widget-container\">\n\t\t\t\t\t\t\t<ul class=\"elementor-icon-list-items\">\n\t\t\t\t\t\t\t<li class=\"elementor-icon-list-item\">\n\t\t\t\t\t\t\t\t\t\t\t<span class=\"elementor-icon-list-icon\">\n\t\t\t\t\t\t\t<i aria-hidden=\"true\" class=\"fas fa-caret-right\"><\/i>\t\t\t\t\t\t<\/span>\n\t\t\t\t\t\t\t\t\t\t<span class=\"elementor-icon-list-text\">Module: \u20ac 1.500<\/span>\n\t\t\t\t\t\t\t\t\t<\/li>\n\t\t\t\t\t\t\t\t<li class=\"elementor-icon-list-item\">\n\t\t\t\t\t\t\t\t\t\t\t<span class=\"elementor-icon-list-icon\">\n\t\t\t\t\t\t\t<i aria-hidden=\"true\" class=\"fas fa-caret-right\"><\/i>\t\t\t\t\t\t<\/span>\n\t\t\t\t\t\t\t\t\t\t<span class=\"elementor-icon-list-text\">Paquet d'assurances ba &amp; allrisk: \u20ac 240<\/span>\n\t\t\t\t\t\t\t\t\t<\/li>\n\t\t\t\t\t\t<\/ul>\n\t\t\t\t\t\t<\/div>\n\t\t\t\t<\/div>\n\t\t\t\t<div class=\"elementor-element elementor-element-871724f elementor-widget elementor-widget-text-editor\" data-id=\"871724f\" data-element_type=\"widget\" data-widget_type=\"text-editor.default\">\n\t\t\t\t<div class=\"elementor-widget-container\">\n\t\t\t\t\t\t\t\t\t<p>Ce module comprend de la surface nue, construction du stand, un desk et un tabouret, \u00e9clairage, des rangements communs et paquet EasyGo Leads.<\/p>\n\t\t\t\t\t\t\t\t<\/div>\n\t\t\t\t<\/div>\n\t\t\t\t<\/div>\n\t\t<div class=\"elementor-element elementor-element-d56a991 e-con-full e-flex e-con e-child\" data-id=\"d56a991\" data-element_type=\"container\">\n\t\t\t\t<div class=\"elementor-element elementor-element-ebfa31b elementor-widget elementor-widget-heading\" data-id=\"ebfa31b\" data-element_type=\"widget\" data-widget_type=\"heading.default\">\n\t\t\t\t<div class=\"elementor-widget-container\">\n\t\t\t\t\t<h2 class=\"elementor-heading-title elementor-size-default\">Int\u00e9ressez \u00e0 participer comme start-up ?<\/h2>\t\t\t\t<\/div>\n\t\t\t\t<\/div>\n\t\t\t\t<div class=\"elementor-element elementor-element-ba870e0 elementor-widget elementor-widget-text-editor\" data-id=\"ba870e0\" data-element_type=\"widget\" data-widget_type=\"text-editor.default\">\n\t\t\t\t<div class=\"elementor-widget-container\">\n\t\t\t\t\t\t\t\t\t<p>N&rsquo;h\u00e9sitez pas \u00e0 contacter <a href=\"mailto:annsophie.coppers@easyfairs.com\" target=\"_blank\" rel=\"noopener\">Ann-Sophie Coppers<\/a>.<\/p>\n\t\t\t\t\t\t\t\t<\/div>\n\t\t\t\t<\/div>\n\t\t\t\t<\/div>\n\t\t\t\t<\/div>\n\t\t\t\t\t<\/div>\n\t\t\t\t<\/div>\n\t\t<div class=\"elementor-element elementor-element-0e5d21b e-flex e-con-boxed e-con e-parent\" data-id=\"0e5d21b\" data-element_type=\"container\">\n\t\t\t\t\t<div class=\"e-con-inner\">\n\t\t<div class=\"elementor-element elementor-element-445ca6e e-con-full e-flex e-con e-child\" data-id=\"445ca6e\" data-element_type=\"container\">\n\t\t\t\t<div class=\"elementor-element elementor-element-b79a57f elementor-widget elementor-widget-image\" data-id=\"b79a57f\" data-element_type=\"widget\" data-widget_type=\"image.default\">\n\t\t\t\t<div class=\"elementor-widget-container\">\n\t\t\t\t\t\t\t\t\t\t\t\t\t\t\t<img fetchpriority=\"high\" decoding=\"async\" width=\"800\" height=\"533\" src=\"https:\/\/easyfairsassets.com\/sites\/388\/2022\/12\/Start-up-1.jpg\" class=\"attachment-large size-large wp-image-159506\" alt=\"Start-up 1\" srcset=\"https:\/\/easyfairsassets.com\/sites\/388\/2022\/12\/Start-up-1.jpg 1000w, https:\/\/easyfairsassets.com\/sites\/388\/2022\/12\/Start-up-1-300x200.jpg 300w, https:\/\/easyfairsassets.com\/sites\/388\/2022\/12\/Start-up-1-768x511.jpg 768w\" sizes=\"(max-width: 800px) 100vw, 800px\" \/>\t\t\t\t\t\t\t\t\t\t\t\t\t\t\t<\/div>\n\t\t\t\t<\/div>\n\t\t\t\t<\/div>\n\t\t<div class=\"elementor-element elementor-element-34a18f8 e-con-full e-flex e-con e-child\" data-id=\"34a18f8\" data-element_type=\"container\">\n\t\t\t\t<div class=\"elementor-element elementor-element-5c8423b elementor-widget elementor-widget-image\" data-id=\"5c8423b\" data-element_type=\"widget\" data-widget_type=\"image.default\">\n\t\t\t\t<div class=\"elementor-widget-container\">\n\t\t\t\t\t\t\t\t\t\t\t\t\t\t\t<img decoding=\"async\" width=\"800\" height=\"533\" src=\"https:\/\/easyfairsassets.com\/sites\/388\/2022\/12\/Start-up-2.jpg\" class=\"attachment-large size-large wp-image-159508\" alt=\"Start-up 2\" srcset=\"https:\/\/easyfairsassets.com\/sites\/388\/2022\/12\/Start-up-2.jpg 1000w, https:\/\/easyfairsassets.com\/sites\/388\/2022\/12\/Start-up-2-300x200.jpg 300w, https:\/\/easyfairsassets.com\/sites\/388\/2022\/12\/Start-up-2-768x511.jpg 768w\" sizes=\"(max-width: 800px) 100vw, 800px\" \/>\t\t\t\t\t\t\t\t\t\t\t\t\t\t\t<\/div>\n\t\t\t\t<\/div>\n\t\t\t\t<\/div>\n\t\t<div class=\"elementor-element elementor-element-4727ac5 e-con-full e-flex e-con e-child\" data-id=\"4727ac5\" data-element_type=\"container\">\n\t\t\t\t<div class=\"elementor-element elementor-element-f89bf1c elementor-widget elementor-widget-image\" data-id=\"f89bf1c\" data-element_type=\"widget\" data-widget_type=\"image.default\">\n\t\t\t\t<div class=\"elementor-widget-container\">\n\t\t\t\t\t\t\t\t\t\t\t\t\t\t\t<img decoding=\"async\" width=\"800\" height=\"545\" src=\"https:\/\/easyfairsassets.com\/sites\/388\/2022\/12\/Start-up-3.jpg\" class=\"attachment-large size-large wp-image-159510\" alt=\"Start-up 3\" srcset=\"https:\/\/easyfairsassets.com\/sites\/388\/2022\/12\/Start-up-3.jpg 978w, https:\/\/easyfairsassets.com\/sites\/388\/2022\/12\/Start-up-3-300x204.jpg 300w, https:\/\/easyfairsassets.com\/sites\/388\/2022\/12\/Start-up-3-768x523.jpg 768w\" sizes=\"(max-width: 800px) 100vw, 800px\" \/>\t\t\t\t\t\t\t\t\t\t\t\t\t\t\t<\/div>\n\t\t\t\t<\/div>\n\t\t\t\t<\/div>\n\t\t\t\t\t<\/div>\n\t\t\t\t<\/div>\n\t\t\t\t<\/div>\n\t\t","protected":false},"excerpt":{"rendered":"<p>start-ups \u00e0 Horeca Expo Horeca Expo est un formidable tremplin pour les starters \u00e0 l\u2019avenir prometteur. La zone Start-up dans le hall 4 r\u00e9unit en effet une s\u00e9rie de jeunes entreprises du secteur, venues pr\u00e9senter leurs nouveaut\u00e9s au public. Cette zone Start-up offre une opportunit\u00e9 unique de promouvoir vos produits. Conditions de participation Vous avez [&hellip;]<\/p>\n","protected":false},"author":949,"featured_media":0,"parent":0,"menu_order":0,"comment_status":"closed","ping_status":"closed","template":"","meta":{"_seopress_robots_primary_cat":"","_seopress_titles_title":"Une platforme pour les start-ups \u00e0 Horeca Expo 2026","_seopress_titles_desc":"Une zone sp\u00e9ciale pour les nouvelles entreprises du march\u00e9 de l'accueil. Un excellent tremplin pour les d\u00e9butants prometteurs ! D\u00e9couvrez les conditions de participation.","_seopress_robots_index":"","footnotes":""},"class_list":["post-1856","page","type-page","status-publish","hentry"],"_links":{"self":[{"href":"https:\/\/www.horecaexpo.be\/fr\/wp-json\/wp\/v2\/pages\/1856","targetHints":{"allow":["GET"]}}],"collection":[{"href":"https:\/\/www.horecaexpo.be\/fr\/wp-json\/wp\/v2\/pages"}],"about":[{"href":"https:\/\/www.horecaexpo.be\/fr\/wp-json\/wp\/v2\/types\/page"}],"author":[{"embeddable":true,"href":"https:\/\/www.horecaexpo.be\/fr\/wp-json\/wp\/v2\/users\/949"}],"replies":[{"embeddable":true,"href":"https:\/\/www.horecaexpo.be\/fr\/wp-json\/wp\/v2\/comments?post=1856"}],"version-history":[{"count":3,"href":"https:\/\/www.horecaexpo.be\/fr\/wp-json\/wp\/v2\/pages\/1856\/revisions"}],"predecessor-version":[{"id":284075,"href":"https:\/\/www.horecaexpo.be\/fr\/wp-json\/wp\/v2\/pages\/1856\/revisions\/284075"}],"wp:attachment":[{"href":"https:\/\/www.horecaexpo.be\/fr\/wp-json\/wp\/v2\/media?parent=1856"}],"curies":[{"name":"wp","href":"https:\/\/api.w.org\/{rel}","templated":true}]}}