{"id":127355,"date":"2019-08-06T16:05:40","date_gmt":"2019-08-06T14:05:40","guid":{"rendered":"https:\/\/www.horecaexpo.be\/innovation-awards-nomines\/"},"modified":"2026-03-09T13:53:14","modified_gmt":"2026-03-09T12:53:14","slug":"innovation-awards-nomines","status":"publish","type":"page","link":"https:\/\/www.horecaexpo.be\/fr\/innovation-awards-nomines\/","title":{"rendered":"innovation awards nomin\u00e9s"},"content":{"rendered":"\t\t<div data-elementor-type=\"wp-post\" data-elementor-id=\"127355\" class=\"elementor elementor-127355 elementor-20801\" data-elementor-post-type=\"page\">\n\t\t\t\t\t\t<section class=\"elementor-section elementor-top-section elementor-element elementor-element-ad9a0d1 elementor-section-boxed elementor-section-height-default elementor-section-height-default\" data-id=\"ad9a0d1\" data-element_type=\"section\">\n\t\t\t\t\t\t<div class=\"elementor-container elementor-column-gap-default\">\n\t\t\t\t\t<div class=\"elementor-column elementor-col-100 elementor-top-column elementor-element elementor-element-1e25363\" data-id=\"1e25363\" data-element_type=\"column\">\n\t\t\t<div class=\"elementor-widget-wrap elementor-element-populated\">\n\t\t\t\t\t\t<div class=\"elementor-element elementor-element-ffb2252 elementor-widget elementor-widget-text-editor\" data-id=\"ffb2252\" data-element_type=\"widget\" data-widget_type=\"text-editor.default\">\n\t\t\t\t<div class=\"elementor-widget-container\">\n\t\t\t\t\t\t\t\t\t<h1 style=\"text-align: center;\">Innovation awards<\/h1>\n<p><\/p>\n<p style=\"text-align: center;\"><span style=\"color: #000000;\">Horeca Expo r\u00e9compense les produits ou services les plus innovants au sein de l&rsquo;industrie ou qui peuvent apporter une solution \u00e0 de nombreuses entreprises du secteur de l&rsquo;h\u00f4tellerie et de la restauration.<\/span><br \/>\n<span style=\"color: #000000;\">Un jury d&rsquo;experts professionnels s\u00e9lectionne les laur\u00e9ats dans 6 cat\u00e9gories :<\/span><\/p>\n\t\t\t\t\t\t\t\t<\/div>\n\t\t\t\t<\/div>\n\t\t\t\t<div class=\"elementor-element elementor-element-aed584b elementor-align-center elementor-hidden-desktop elementor-hidden-laptop elementor-hidden-tablet elementor-hidden-mobile elementor-icon-list--layout-traditional elementor-list-item-link-full_width elementor-widget elementor-widget-icon-list\" data-id=\"aed584b\" data-element_type=\"widget\" data-widget_type=\"icon-list.default\">\n\t\t\t\t<div class=\"elementor-widget-container\">\n\t\t\t\t\t\t\t<ul class=\"elementor-icon-list-items\">\n\t\t\t\t\t\t\t<li class=\"elementor-icon-list-item\">\n\t\t\t\t\t\t\t\t\t\t\t<span class=\"elementor-icon-list-icon\">\n\t\t\t\t\t\t\t<i aria-hidden=\"true\" class=\"fas fa-caret-right\"><\/i>\t\t\t\t\t\t<\/span>\n\t\t\t\t\t\t\t\t\t\t<span class=\"elementor-icon-list-text\">FOOD<\/span>\n\t\t\t\t\t\t\t\t\t<\/li>\n\t\t\t\t\t\t\t\t<li class=\"elementor-icon-list-item\">\n\t\t\t\t\t\t\t\t\t\t\t<span class=\"elementor-icon-list-icon\">\n\t\t\t\t\t\t\t<i aria-hidden=\"true\" class=\"fas fa-caret-right\"><\/i>\t\t\t\t\t\t<\/span>\n\t\t\t\t\t\t\t\t\t\t<span class=\"elementor-icon-list-text\">BEVERAGES<\/span>\n\t\t\t\t\t\t\t\t\t<\/li>\n\t\t\t\t\t\t\t\t<li class=\"elementor-icon-list-item\">\n\t\t\t\t\t\t\t\t\t\t\t<span class=\"elementor-icon-list-icon\">\n\t\t\t\t\t\t\t<i aria-hidden=\"true\" class=\"fas fa-caret-right\"><\/i>\t\t\t\t\t\t<\/span>\n\t\t\t\t\t\t\t\t\t\t<span class=\"elementor-icon-list-text\">TECHNOLOGY<\/span>\n\t\t\t\t\t\t\t\t\t<\/li>\n\t\t\t\t\t\t\t\t<li class=\"elementor-icon-list-item\">\n\t\t\t\t\t\t\t\t\t\t\t<span class=\"elementor-icon-list-icon\">\n\t\t\t\t\t\t\t<i aria-hidden=\"true\" class=\"fas fa-caret-right\"><\/i>\t\t\t\t\t\t<\/span>\n\t\t\t\t\t\t\t\t\t\t<span class=\"elementor-icon-list-text\">KITCHEN EQUIPMENT &amp; SUPPLIES<\/span>\n\t\t\t\t\t\t\t\t\t<\/li>\n\t\t\t\t\t\t\t\t<li class=\"elementor-icon-list-item\">\n\t\t\t\t\t\t\t\t\t\t\t<span class=\"elementor-icon-list-icon\">\n\t\t\t\t\t\t\t<i aria-hidden=\"true\" class=\"fas fa-caret-right\"><\/i>\t\t\t\t\t\t<\/span>\n\t\t\t\t\t\t\t\t\t\t<span class=\"elementor-icon-list-text\">FURNITURE &amp; DECORATION<\/span>\n\t\t\t\t\t\t\t\t\t<\/li>\n\t\t\t\t\t\t\t\t<li class=\"elementor-icon-list-item\">\n\t\t\t\t\t\t\t\t\t\t\t<span class=\"elementor-icon-list-icon\">\n\t\t\t\t\t\t\t<i aria-hidden=\"true\" class=\"fas fa-caret-right\"><\/i>\t\t\t\t\t\t<\/span>\n\t\t\t\t\t\t\t\t\t\t<span class=\"elementor-icon-list-text\">HOTEL EQUIPMENT &amp; SUPPLIES<\/span>\n\t\t\t\t\t\t\t\t\t<\/li>\n\t\t\t\t\t\t\t\t<li class=\"elementor-icon-list-item\">\n\t\t\t\t\t\t\t\t\t\t\t<span class=\"elementor-icon-list-icon\">\n\t\t\t\t\t\t\t<i aria-hidden=\"true\" class=\"fas fa-caret-right\"><\/i>\t\t\t\t\t\t<\/span>\n\t\t\t\t\t\t\t\t\t\t<span class=\"elementor-icon-list-text\">SUSTAINABILITY<\/span>\n\t\t\t\t\t\t\t\t\t<\/li>\n\t\t\t\t\t\t<\/ul>\n\t\t\t\t\t\t<\/div>\n\t\t\t\t<\/div>\n\t\t\t\t<div class=\"elementor-element elementor-element-490b76c elementor-widget elementor-widget-text-editor\" data-id=\"490b76c\" data-element_type=\"widget\" data-widget_type=\"text-editor.default\">\n\t\t\t\t<div class=\"elementor-widget-container\">\n\t\t\t\t\t\t\t\t\t<h1 style=\"text-align: center;\">VISITOR&rsquo;S CHOICE<\/h1>\n<p><\/p>\n<p style=\"text-align: center;\">Mais vous avez aussi votre mot \u00e0 dire !<\/p>\n<p><\/p>\n<p style=\"text-align: center;\">Votez ici.<br \/>\nLe candidat ayant obtenu le plus grand nombre de voix recevra le Choix des visiteurs.<br \/>\nL&rsquo;annonce et la pr\u00e9sentation auront lieu lors de la r\u00e9ception d&rsquo;ouverture le dimanche 17 novembre.<\/p>\n\t\t\t\t\t\t\t\t<\/div>\n\t\t\t\t<\/div>\n\t\t\t\t\t<\/div>\n\t\t<\/div>\n\t\t\t\t\t<\/div>\n\t\t<\/section>\n\t\t<div class=\"elementor-element elementor-element-aca85c7 e-flex e-con-boxed e-con e-parent\" data-id=\"aca85c7\" data-element_type=\"container\">\n\t\t\t\t\t<div class=\"e-con-inner\">\n\t\t<div class=\"elementor-element elementor-element-c5ac7ae e-con-full e-flex e-con e-child\" data-id=\"c5ac7ae\" data-element_type=\"container\" data-settings=\"{&quot;background_background&quot;:&quot;classic&quot;}\">\n\t\t<div class=\"elementor-element elementor-element-55a7107 e-con-full e-flex e-con e-child\" data-id=\"55a7107\" data-element_type=\"container\">\n\t\t\t\t<div class=\"elementor-element elementor-element-8856ef9 elementor-widget elementor-widget-html\" data-id=\"8856ef9\" data-element_type=\"widget\" data-widget_type=\"html.default\">\n\t\t\t\t<div class=\"elementor-widget-container\">\n\t\t\t\t\t<!-- Wishpond embed code --><br><script async=\"async\" src=\"\/\/cdn.wishpond.net\/connect.js?merchantId=1400133&writeKey=d4135bbb14bc\" type=\"text\/javascript\"><\/script><div class=\"wishpond-campaign\" data-wishpond-id=\"2804262\" data-wishpond-href=https:\/\/embedded.wishpondpages.com\/lp\/2804262\/><\/div>\t\t\t\t<\/div>\n\t\t\t\t<\/div>\n\t\t\t\t<\/div>\n\t\t\t\t<\/div>\n\t\t\t\t\t<\/div>\n\t\t\t\t<\/div>\n\t\t\t\t<\/div>\n\t\t","protected":false},"excerpt":{"rendered":"<p>Innovation awards Horeca Expo r\u00e9compense les produits ou services les plus innovants au sein de l&rsquo;industrie ou qui peuvent apporter une solution \u00e0 de nombreuses entreprises du secteur de l&rsquo;h\u00f4tellerie et de la restauration. Un jury d&rsquo;experts professionnels s\u00e9lectionne les laur\u00e9ats dans 6 cat\u00e9gories : FOOD BEVERAGES TECHNOLOGY KITCHEN EQUIPMENT &amp; SUPPLIES FURNITURE &amp; DECORATION [&hellip;]<\/p>\n","protected":false},"author":933,"featured_media":0,"parent":0,"menu_order":0,"comment_status":"closed","ping_status":"closed","template":"","meta":{"_seopress_robots_primary_cat":"","_seopress_titles_title":"Les nomin\u00e9s pour les Innovations Awards de Horeca Expo 2023","_seopress_titles_desc":"Un aper\u00e7u de tous les nomin\u00e9s dans les 6 cat\u00e9gories. Votez en d\u00e9cidez qui remportera le Visitor's Choice.","_seopress_robots_index":"","footnotes":""},"class_list":["post-127355","page","type-page","status-publish","hentry"],"_links":{"self":[{"href":"https:\/\/www.horecaexpo.be\/fr\/wp-json\/wp\/v2\/pages\/127355","targetHints":{"allow":["GET"]}}],"collection":[{"href":"https:\/\/www.horecaexpo.be\/fr\/wp-json\/wp\/v2\/pages"}],"about":[{"href":"https:\/\/www.horecaexpo.be\/fr\/wp-json\/wp\/v2\/types\/page"}],"author":[{"embeddable":true,"href":"https:\/\/www.horecaexpo.be\/fr\/wp-json\/wp\/v2\/users\/933"}],"replies":[{"embeddable":true,"href":"https:\/\/www.horecaexpo.be\/fr\/wp-json\/wp\/v2\/comments?post=127355"}],"version-history":[{"count":2,"href":"https:\/\/www.horecaexpo.be\/fr\/wp-json\/wp\/v2\/pages\/127355\/revisions"}],"predecessor-version":[{"id":283949,"href":"https:\/\/www.horecaexpo.be\/fr\/wp-json\/wp\/v2\/pages\/127355\/revisions\/283949"}],"wp:attachment":[{"href":"https:\/\/www.horecaexpo.be\/fr\/wp-json\/wp\/v2\/media?parent=127355"}],"curies":[{"name":"wp","href":"https:\/\/api.w.org\/{rel}","templated":true}]}}