{"id":105738,"date":"2022-06-03T09:06:34","date_gmt":"2022-06-03T07:06:34","guid":{"rendered":"https:\/\/www.horecaexpo.be\/?page_id=105738"},"modified":"2026-04-28T13:35:15","modified_gmt":"2026-04-28T11:35:15","slug":"enregistrement-awards","status":"publish","type":"page","link":"https:\/\/www.horecaexpo.be\/fr\/enregistrement-awards\/","title":{"rendered":"enregistrement Awards"},"content":{"rendered":"\t\t<div data-elementor-type=\"wp-post\" data-elementor-id=\"105738\" class=\"elementor elementor-105738 elementor-105736\" data-elementor-post-type=\"page\">\n\t\t\t\t<div class=\"elementor-element elementor-element-68352c6 e-flex e-con-boxed e-con e-parent\" data-id=\"68352c6\" data-element_type=\"container\" data-settings=\"{&quot;background_background&quot;:&quot;classic&quot;}\">\n\t\t\t\t\t<div class=\"e-con-inner\">\n\t\t<div class=\"elementor-element elementor-element-e3c4230 e-con-full e-flex e-con e-child\" data-id=\"e3c4230\" data-element_type=\"container\">\n\t\t\t\t<div class=\"elementor-element elementor-element-a033904 elementor-widget elementor-widget-heading\" data-id=\"a033904\" data-element_type=\"widget\" data-widget_type=\"heading.default\">\n\t\t\t\t<div class=\"elementor-widget-container\">\n\t\t\t\t\t<h2 class=\"elementor-heading-title elementor-size-default\">Innovation Awards<\/h2>\t\t\t\t<\/div>\n\t\t\t\t<\/div>\n\t\t\t\t<div class=\"elementor-element elementor-element-3356cb1 elementor-widget__width-initial elementor-widget elementor-widget-text-editor\" data-id=\"3356cb1\" data-element_type=\"widget\" data-widget_type=\"text-editor.default\">\n\t\t\t\t<div class=\"elementor-widget-container\">\n\t\t\t\t\t\t\t\t\t<p>Horeca Expo r\u00e9compense les produits ou services les plus innovants qui apportent un vent de nouveaut\u00e9 dans le secteur ou peuvent offrir une solution \u00e0 de nombreux \u00e9tablissements de restauration.<\/p>\n\t\t\t\t\t\t\t\t<\/div>\n\t\t\t\t<\/div>\n\t\t\t\t<\/div>\n\t\t\t\t\t<\/div>\n\t\t\t\t<\/div>\n\t\t<div class=\"elementor-element elementor-element-1b557f0 e-flex e-con-boxed e-con e-parent\" data-id=\"1b557f0\" data-element_type=\"container\">\n\t\t\t\t\t<div class=\"e-con-inner\">\n\t\t\t\t<div class=\"elementor-element elementor-element-f03067c elementor-widget elementor-widget-text-editor\" data-id=\"f03067c\" data-element_type=\"widget\" data-widget_type=\"text-editor.default\">\n\t\t\t\t<div class=\"elementor-widget-container\">\n\t\t\t\t\t\t\t\t\t<p style=\"text-align: left;\">Un jury professionnel s\u00e9lectionne les laur\u00e9ats dans 6 cat\u00e9gories :<\/p>\n\t\t\t\t\t\t\t\t<\/div>\n\t\t\t\t<\/div>\n\t\t\t\t\t<\/div>\n\t\t\t\t<\/div>\n\t\t\t\t<section class=\"elementor-section elementor-top-section elementor-element elementor-element-2c69522 elementor-section-boxed elementor-section-height-default elementor-section-height-default\" data-id=\"2c69522\" data-element_type=\"section\">\n\t\t\t\t\t\t<div class=\"elementor-container elementor-column-gap-default\">\n\t\t\t\t\t<div class=\"elementor-column elementor-col-100 elementor-top-column elementor-element elementor-element-fe30c6a\" data-id=\"fe30c6a\" data-element_type=\"column\">\n\t\t\t<div class=\"elementor-widget-wrap elementor-element-populated\">\n\t\t\t\t\t\t<div class=\"elementor-element elementor-element-6986847 elementor-align-center elementor-icon-list--layout-traditional elementor-list-item-link-full_width elementor-widget elementor-widget-icon-list\" data-id=\"6986847\" data-element_type=\"widget\" data-widget_type=\"icon-list.default\">\n\t\t\t\t<div class=\"elementor-widget-container\">\n\t\t\t\t\t\t\t<ul class=\"elementor-icon-list-items\">\n\t\t\t\t\t\t\t<li class=\"elementor-icon-list-item\">\n\t\t\t\t\t\t\t\t\t\t\t<span class=\"elementor-icon-list-icon\">\n\t\t\t\t\t\t\t<i aria-hidden=\"true\" class=\"fas fa-caret-right\"><\/i>\t\t\t\t\t\t<\/span>\n\t\t\t\t\t\t\t\t\t\t<span class=\"elementor-icon-list-text\">FOOD<\/span>\n\t\t\t\t\t\t\t\t\t<\/li>\n\t\t\t\t\t\t\t\t<li class=\"elementor-icon-list-item\">\n\t\t\t\t\t\t\t\t\t\t\t<span class=\"elementor-icon-list-icon\">\n\t\t\t\t\t\t\t<i aria-hidden=\"true\" class=\"fas fa-caret-right\"><\/i>\t\t\t\t\t\t<\/span>\n\t\t\t\t\t\t\t\t\t\t<span class=\"elementor-icon-list-text\">BEVERAGES<\/span>\n\t\t\t\t\t\t\t\t\t<\/li>\n\t\t\t\t\t\t\t\t<li class=\"elementor-icon-list-item\">\n\t\t\t\t\t\t\t\t\t\t\t<span class=\"elementor-icon-list-icon\">\n\t\t\t\t\t\t\t<i aria-hidden=\"true\" class=\"fas fa-caret-right\"><\/i>\t\t\t\t\t\t<\/span>\n\t\t\t\t\t\t\t\t\t\t<span class=\"elementor-icon-list-text\">TECHNOLOGY<\/span>\n\t\t\t\t\t\t\t\t\t<\/li>\n\t\t\t\t\t\t\t\t<li class=\"elementor-icon-list-item\">\n\t\t\t\t\t\t\t\t\t\t\t<span class=\"elementor-icon-list-icon\">\n\t\t\t\t\t\t\t<i aria-hidden=\"true\" class=\"fas fa-caret-right\"><\/i>\t\t\t\t\t\t<\/span>\n\t\t\t\t\t\t\t\t\t\t<span class=\"elementor-icon-list-text\">KITCHEN EQUIPMENT &amp; SUPPLIES<\/span>\n\t\t\t\t\t\t\t\t\t<\/li>\n\t\t\t\t\t\t\t\t<li class=\"elementor-icon-list-item\">\n\t\t\t\t\t\t\t\t\t\t\t<span class=\"elementor-icon-list-icon\">\n\t\t\t\t\t\t\t<i aria-hidden=\"true\" class=\"fas fa-caret-right\"><\/i>\t\t\t\t\t\t<\/span>\n\t\t\t\t\t\t\t\t\t\t<span class=\"elementor-icon-list-text\">FURNITURE &amp; DECORATION<\/span>\n\t\t\t\t\t\t\t\t\t<\/li>\n\t\t\t\t\t\t\t\t<li class=\"elementor-icon-list-item\">\n\t\t\t\t\t\t\t\t\t\t\t<span class=\"elementor-icon-list-icon\">\n\t\t\t\t\t\t\t<i aria-hidden=\"true\" class=\"fas fa-caret-right\"><\/i>\t\t\t\t\t\t<\/span>\n\t\t\t\t\t\t\t\t\t\t<span class=\"elementor-icon-list-text\">HOTEL EQUIPMENT &amp; SUPPLIES<\/span>\n\t\t\t\t\t\t\t\t\t<\/li>\n\t\t\t\t\t\t<\/ul>\n\t\t\t\t\t\t<\/div>\n\t\t\t\t<\/div>\n\t\t\t\t\t<\/div>\n\t\t<\/div>\n\t\t\t\t\t<\/div>\n\t\t<\/section>\n\t\t\t\t<section class=\"elementor-section elementor-top-section elementor-element elementor-element-2100a88 elementor-section-height-min-height elementor-section-items-stretch elementor-section-content-middle elementor-section-boxed elementor-section-height-default\" data-id=\"2100a88\" data-element_type=\"section\" data-settings=\"{&quot;background_background&quot;:&quot;none&quot;}\">\n\t\t\t\t\t\t<div class=\"elementor-container elementor-column-gap-no\">\n\t\t\t\t\t<div class=\"elementor-column elementor-col-50 elementor-top-column elementor-element elementor-element-1ea5f4d\" data-id=\"1ea5f4d\" data-element_type=\"column\" data-settings=\"{&quot;background_background&quot;:&quot;classic&quot;}\">\n\t\t\t<div class=\"elementor-widget-wrap elementor-element-populated\">\n\t\t\t\t\t\t<div class=\"elementor-element elementor-element-130b5eb elementor-widget elementor-widget-heading\" data-id=\"130b5eb\" data-element_type=\"widget\" data-widget_type=\"heading.default\">\n\t\t\t\t<div class=\"elementor-widget-container\">\n\t\t\t\t\t<h1 class=\"elementor-heading-title elementor-size-default\">COMMENT PARTICIPER ?<\/h1>\t\t\t\t<\/div>\n\t\t\t\t<\/div>\n\t\t\t\t<div class=\"elementor-element elementor-element-eff3d6e elementor-widget-divider--view-line elementor-widget elementor-widget-divider\" data-id=\"eff3d6e\" data-element_type=\"widget\" data-widget_type=\"divider.default\">\n\t\t\t\t<div class=\"elementor-widget-container\">\n\t\t\t\t\t\t\t<div class=\"elementor-divider\">\n\t\t\t<span class=\"elementor-divider-separator\">\n\t\t\t\t\t\t<\/span>\n\t\t<\/div>\n\t\t\t\t\t\t<\/div>\n\t\t\t\t<\/div>\n\t\t\t\t<div class=\"elementor-element elementor-element-eea38eb elementor-hidden-desktop elementor-hidden-laptop elementor-hidden-tablet elementor-hidden-mobile elementor-widget elementor-widget-text-editor\" data-id=\"eea38eb\" data-element_type=\"widget\" data-widget_type=\"text-editor.default\">\n\t\t\t\t<div class=\"elementor-widget-container\">\n\t\t\t\t\t\t\t\t\t<p>Veuillez remplir le <strong>formulaire<\/strong> ci-dessous et cliquer sur \u00ab\u00a0<strong>envoyer<\/strong>\u00ab\u00a0.<br \/>Envoyez-nous vos <strong>images<\/strong> \u00e0<strong> <a href=\"mailto:horecaexpo@easyfairs.com\" target=\"_blank\" rel=\"noopener\">horecaexpo@easyfairs.com<\/a><\/strong>.<br \/>Si vous souhaitez vous qualifier pour plusieurs innovations, veuillez remplir le formulaire pour chaque produit s\u00e9par\u00e9ment.<br \/>Date limite d&rsquo;inscription = 1er septembre 2026.<\/p>\n<p>Des \u00e9chantillons de produits doivent \u00eatre fournis dans les cat\u00e9gories Food et Beverages.<\/p>\n<p><strong>Vous ne pouvez participer que si vous \u00eates exposant \u00e0 Horeca Expo 2026.<\/strong><\/p>\n\t\t\t\t\t\t\t\t<\/div>\n\t\t\t\t<\/div>\n\t\t\t\t<div class=\"elementor-element elementor-element-ebaaeed elementor-widget elementor-widget-text-editor\" data-id=\"ebaaeed\" data-element_type=\"widget\" data-widget_type=\"text-editor.default\">\n\t\t\t\t<div class=\"elementor-widget-container\">\n\t\t\t\t\t\t\t\t\tVeuillez remplir le <strong>formulaire<\/strong> ci-dessous et cliquer sur \u00ab\u00a0<strong>envoyer<\/strong>\u00ab\u00a0.<br>Envoyez-nous vos <strong>images<\/strong> \u00e0<strong> <a href=\"mailto:horecaexpo@easyfairs.com\" target=\"_blank\" rel=\"noopener\">horecaexpo@easyfairs.com<\/a><\/strong>.<br>Si vous souhaitez vous qualifier pour plusieurs innovations, veuillez remplir le formulaire pour chaque produit s\u00e9par\u00e9ment.<br>Date limite d&rsquo;inscription = 1er septembre 2026.<br><br>Des \u00e9chantillons de produits doivent \u00eatre fournis dans les cat\u00e9gories Food et Beverages.<br><br><strong>Vous ne pouvez participer que si vous \u00eates exposant \u00e0 Horeca Expo 2026.<\/strong>\t\t\t\t\t\t\t\t<\/div>\n\t\t\t\t<\/div>\n\t\t\t\t<div class=\"elementor-element elementor-element-d206f42 elementor-widget elementor-widget-button\" data-id=\"d206f42\" data-element_type=\"widget\" data-widget_type=\"button.default\">\n\t\t\t\t<div class=\"elementor-widget-container\">\n\t\t\t\t\t\t\t\t\t<div class=\"elementor-button-wrapper\">\n\t\t\t\t\t<a class=\"elementor-button elementor-button-link elementor-size-sm\" href=\"https:\/\/www.horecaexpo.be\/wp-content\/uploads\/sites\/388\/2026\/04\/HRC26_InnovationAwards_reglement.pdf\" target=\"_blank\">\n\t\t\t\t\t\t<span class=\"elementor-button-content-wrapper\">\n\t\t\t\t\t\t<span class=\"elementor-button-icon\">\n\t\t\t\t<i aria-hidden=\"true\" class=\"fas fa-arrow-right\"><\/i>\t\t\t<\/span>\n\t\t\t\t\t\t\t\t\t<span class=\"elementor-button-text\">R\u00e8glement du concours<\/span>\n\t\t\t\t\t<\/span>\n\t\t\t\t\t<\/a>\n\t\t\t\t<\/div>\n\t\t\t\t\t\t\t\t<\/div>\n\t\t\t\t<\/div>\n\t\t\t\t\t<\/div>\n\t\t<\/div>\n\t\t\t\t<div class=\"elementor-column elementor-col-50 elementor-top-column elementor-element elementor-element-0efd17f\" data-id=\"0efd17f\" data-element_type=\"column\">\n\t\t\t<div class=\"elementor-widget-wrap elementor-element-populated\">\n\t\t\t\t\t\t<div class=\"elementor-element elementor-element-008fd57 elementor-widget elementor-widget-image\" data-id=\"008fd57\" data-element_type=\"widget\" data-widget_type=\"image.default\">\n\t\t\t\t<div class=\"elementor-widget-container\">\n\t\t\t\t\t\t\t\t\t\t\t\t\t\t\t<img fetchpriority=\"high\" decoding=\"async\" width=\"209\" height=\"300\" src=\"https:\/\/easyfairsassets.com\/sites\/388\/2026\/04\/HE26_picto_award_logo-209x300.png\" class=\"attachment-medium size-medium wp-image-284108\" alt=\"\" srcset=\"https:\/\/easyfairsassets.com\/sites\/388\/2026\/04\/HE26_picto_award_logo-209x300.png 209w, https:\/\/easyfairsassets.com\/sites\/388\/2026\/04\/HE26_picto_award_logo.png 377w\" sizes=\"(max-width: 209px) 100vw, 209px\" \/>\t\t\t\t\t\t\t\t\t\t\t\t\t\t\t<\/div>\n\t\t\t\t<\/div>\n\t\t\t\t\t<\/div>\n\t\t<\/div>\n\t\t\t\t\t<\/div>\n\t\t<\/section>\n\t\t\t\t<section class=\"elementor-section elementor-top-section elementor-element elementor-element-56a1606 elementor-section-content-middle elementor-section-boxed elementor-section-height-default elementor-section-height-default\" data-id=\"56a1606\" data-element_type=\"section\" data-settings=\"{&quot;background_background&quot;:&quot;none&quot;}\">\n\t\t\t\t\t\t<div class=\"elementor-container elementor-column-gap-no\">\n\t\t\t\t\t<div class=\"elementor-column elementor-col-100 elementor-top-column elementor-element elementor-element-b71eff3\" data-id=\"b71eff3\" data-element_type=\"column\" data-settings=\"{&quot;background_background&quot;:&quot;classic&quot;}\">\n\t\t\t<div class=\"elementor-widget-wrap elementor-element-populated\">\n\t\t\t\t\t\t<div class=\"elementor-element elementor-element-a1ba5da elementor-widget elementor-widget-heading\" data-id=\"a1ba5da\" data-element_type=\"widget\" data-widget_type=\"heading.default\">\n\t\t\t\t<div class=\"elementor-widget-container\">\n\t\t\t\t\t<h1 class=\"elementor-heading-title elementor-size-default\">FORMULAIRE DE PARTICIPATION<\/h1>\t\t\t\t<\/div>\n\t\t\t\t<\/div>\n\t\t\t\t<div class=\"elementor-element elementor-element-ddb8299 elementor-widget-divider--view-line elementor-widget elementor-widget-divider\" data-id=\"ddb8299\" data-element_type=\"widget\" data-widget_type=\"divider.default\">\n\t\t\t\t<div class=\"elementor-widget-container\">\n\t\t\t\t\t\t\t<div class=\"elementor-divider\">\n\t\t\t<span class=\"elementor-divider-separator\">\n\t\t\t\t\t\t<\/span>\n\t\t<\/div>\n\t\t\t\t\t\t<\/div>\n\t\t\t\t<\/div>\n\t\t\t\t<div class=\"elementor-element elementor-element-3a6a188 elementor-widget elementor-widget-text-editor\" data-id=\"3a6a188\" data-element_type=\"widget\" data-widget_type=\"text-editor.default\">\n\t\t\t\t<div class=\"elementor-widget-container\">\n\t\t\t\t\t\t\t\t\t<p>Si vous souhaitez \u00eatre pris en consid\u00e9ration pour plusieurs innovations, veuillez remplir un formulaire pour chaque produit.<\/p>\n\t\t\t\t\t\t\t\t<\/div>\n\t\t\t\t<\/div>\n\t\t\t\t\t<\/div>\n\t\t<\/div>\n\t\t\t\t\t<\/div>\n\t\t<\/section>\n\t\t\t\t<section class=\"elementor-section elementor-top-section elementor-element elementor-element-792b324 elementor-section-content-middle elementor-section-boxed elementor-section-height-default elementor-section-height-default\" data-id=\"792b324\" data-element_type=\"section\" data-settings=\"{&quot;background_background&quot;:&quot;none&quot;}\">\n\t\t\t\t\t\t<div class=\"elementor-container elementor-column-gap-no\">\n\t\t\t\t\t<div class=\"elementor-column elementor-col-100 elementor-top-column elementor-element elementor-element-7dbb031\" data-id=\"7dbb031\" data-element_type=\"column\" data-settings=\"{&quot;background_background&quot;:&quot;classic&quot;}\">\n\t\t\t<div class=\"elementor-widget-wrap elementor-element-populated\">\n\t\t\t\t\t\t<div class=\"elementor-element elementor-element-ed350be elementor-widget elementor-widget-spacer\" data-id=\"ed350be\" data-element_type=\"widget\" data-widget_type=\"spacer.default\">\n\t\t\t\t<div class=\"elementor-widget-container\">\n\t\t\t\t\t\t\t<div class=\"elementor-spacer\">\n\t\t\t<div class=\"elementor-spacer-inner\"><\/div>\n\t\t<\/div>\n\t\t\t\t\t\t<\/div>\n\t\t\t\t<\/div>\n\t\t\t\t<div class=\"elementor-element elementor-element-ffa758d elementor-widget__width-initial elementor-button-align-stretch elementor-widget elementor-widget-form\" data-id=\"ffa758d\" data-element_type=\"widget\" data-settings=\"{&quot;step_next_label&quot;:&quot;Next&quot;,&quot;step_previous_label&quot;:&quot;Previous&quot;,&quot;button_width&quot;:&quot;100&quot;,&quot;step_type&quot;:&quot;number_text&quot;,&quot;step_icon_shape&quot;:&quot;circle&quot;}\" data-widget_type=\"form.default\">\n\t\t\t\t<div class=\"elementor-widget-container\">\n\t\t\t\t\t\t\t<form class=\"elementor-form\" method=\"post\" name=\"Inscription Innovation Awards 2026\" aria-label=\"Inscription Innovation Awards 2026\">\n\t\t\t<input type=\"hidden\" name=\"post_id\" value=\"105738\"\/>\n\t\t\t<input type=\"hidden\" name=\"form_id\" value=\"ffa758d\"\/>\n\t\t\t<input type=\"hidden\" name=\"referer_title\" value=\"\" \/>\n\n\t\t\t\n\t\t\t<div class=\"elementor-form-fields-wrapper elementor-labels-above\">\n\t\t\t\t\t\t\t\t<div class=\"elementor-field-type-textarea elementor-field-group elementor-column elementor-field-group-qi8lqp1 elementor-col-100 elementor-field-required elementor-mark-required\">\n\t\t\t\t\t\t\t\t\t\t\t\t<label for=\"form-field-qi8lqp1\" class=\"elementor-field-label\">\n\t\t\t\t\t\t\t\tNom de votre produit ou service\t\t\t\t\t\t\t<\/label>\n\t\t\t\t\t\t<textarea class=\"elementor-field-textual elementor-field  elementor-size-md\" name=\"form_fields[qi8lqp1]\" id=\"form-field-qi8lqp1\" rows=\"4\" required=\"required\"><\/textarea>\t\t\t\t<\/div>\n\t\t\t\t\t\t\t\t<div class=\"elementor-field-type-textarea elementor-field-group elementor-column elementor-field-group-8b28ttw elementor-col-100 elementor-field-required elementor-mark-required\">\n\t\t\t\t\t\t\t\t\t\t\t\t<label for=\"form-field-8b28ttw\" class=\"elementor-field-label\">\n\t\t\t\t\t\t\t\tDescription de votre produit ou service\t\t\t\t\t\t\t<\/label>\n\t\t\t\t\t\t<textarea class=\"elementor-field-textual elementor-field  elementor-size-md\" name=\"form_fields[8b28ttw]\" id=\"form-field-8b28ttw\" rows=\"10\" required=\"required\"><\/textarea>\t\t\t\t<\/div>\n\t\t\t\t\t\t\t\t<div class=\"elementor-field-type-textarea elementor-field-group elementor-column elementor-field-group-effbe08 elementor-col-100 elementor-field-required elementor-mark-required\">\n\t\t\t\t\t\t\t\t\t\t\t\t<label for=\"form-field-effbe08\" class=\"elementor-field-label\">\n\t\t\t\t\t\t\t\tPourquoi votre produit ou service est-il innovant ? \t\t\t\t\t\t\t<\/label>\n\t\t\t\t\t\t<textarea class=\"elementor-field-textual elementor-field  elementor-size-md\" name=\"form_fields[effbe08]\" id=\"form-field-effbe08\" rows=\"10\" required=\"required\"><\/textarea>\t\t\t\t<\/div>\n\t\t\t\t\t\t\t\t<div class=\"elementor-field-type-checkbox elementor-field-group elementor-column elementor-field-group-field_d941cbd elementor-col-100\">\n\t\t\t\t\t\t\t\t\t\t\t\t<label for=\"form-field-field_d941cbd\" class=\"elementor-field-label\">\n\t\t\t\t\t\t\t\tMa candidature est \u00e9ligible pour la\/les cat\u00e9gorie(s) suivante(s) :\t\t\t\t\t\t\t<\/label>\n\t\t\t\t\t\t<div class=\"elementor-field-subgroup  \"><span class=\"elementor-field-option\"><input type=\"checkbox\" value=\"Food&lt;br&gt;\" id=\"form-field-field_d941cbd-0\" name=\"form_fields[field_d941cbd][]\"> <label for=\"form-field-field_d941cbd-0\">Food<br><\/label><\/span><span class=\"elementor-field-option\"><input type=\"checkbox\" value=\"Beverages&lt;br&gt;\" id=\"form-field-field_d941cbd-1\" name=\"form_fields[field_d941cbd][]\"> <label for=\"form-field-field_d941cbd-1\">Beverages<br><\/label><\/span><span class=\"elementor-field-option\"><input type=\"checkbox\" value=\"Technology&lt;br&gt;\" id=\"form-field-field_d941cbd-2\" name=\"form_fields[field_d941cbd][]\"> <label for=\"form-field-field_d941cbd-2\">Technology<br><\/label><\/span><span class=\"elementor-field-option\"><input type=\"checkbox\" value=\"Kitchen Equipment &amp; Supplies&lt;br&gt;\" id=\"form-field-field_d941cbd-3\" name=\"form_fields[field_d941cbd][]\"> <label for=\"form-field-field_d941cbd-3\">Kitchen Equipment & Supplies<br><\/label><\/span><span class=\"elementor-field-option\"><input type=\"checkbox\" value=\"Furniture &amp; Decoration&lt;br&gt;\" id=\"form-field-field_d941cbd-4\" name=\"form_fields[field_d941cbd][]\"> <label for=\"form-field-field_d941cbd-4\">Furniture &amp; Decoration<br><\/label><\/span><span class=\"elementor-field-option\"><input type=\"checkbox\" value=\"Hotel Equipment &amp; Supplies\" id=\"form-field-field_d941cbd-5\" name=\"form_fields[field_d941cbd][]\"> <label for=\"form-field-field_d941cbd-5\">Hotel Equipment & Supplies<\/label><\/span><\/div>\t\t\t\t<\/div>\n\t\t\t\t\t\t\t\t<div class=\"elementor-field-type-text elementor-field-group elementor-column elementor-field-group-field_2 elementor-col-100 elementor-field-required elementor-mark-required\">\n\t\t\t\t\t\t\t\t\t\t\t\t<label for=\"form-field-field_2\" class=\"elementor-field-label\">\n\t\t\t\t\t\t\t\tSoci\u00e9t\u00e9\t\t\t\t\t\t\t<\/label>\n\t\t\t\t\t\t\t\t\t\t\t\t\t\t<input size=\"1\" type=\"text\" name=\"form_fields[field_2]\" id=\"form-field-field_2\" class=\"elementor-field elementor-size-md  elementor-field-textual\" required=\"required\">\n\t\t\t\t\t\t\t\t\t\t\t<\/div>\n\t\t\t\t\t\t\t\t<div class=\"elementor-field-type-text elementor-field-group elementor-column elementor-field-group-field_3 elementor-col-100 elementor-field-required elementor-mark-required\">\n\t\t\t\t\t\t\t\t\t\t\t\t<label for=\"form-field-field_3\" class=\"elementor-field-label\">\n\t\t\t\t\t\t\t\tNum\u00e9ro de stand\t\t\t\t\t\t\t<\/label>\n\t\t\t\t\t\t\t\t\t\t\t\t\t\t<input size=\"1\" type=\"text\" name=\"form_fields[field_3]\" id=\"form-field-field_3\" class=\"elementor-field elementor-size-md  elementor-field-textual\" required=\"required\">\n\t\t\t\t\t\t\t\t\t\t\t<\/div>\n\t\t\t\t\t\t\t\t<div class=\"elementor-field-type-text elementor-field-group elementor-column elementor-field-group-field_1 elementor-col-100 elementor-field-required elementor-mark-required\">\n\t\t\t\t\t\t\t\t\t\t\t\t<label for=\"form-field-field_1\" class=\"elementor-field-label\">\n\t\t\t\t\t\t\t\tPersonne de contact\t\t\t\t\t\t\t<\/label>\n\t\t\t\t\t\t\t\t\t\t\t\t\t\t<input size=\"1\" type=\"text\" name=\"form_fields[field_1]\" id=\"form-field-field_1\" class=\"elementor-field elementor-size-md  elementor-field-textual\" required=\"required\">\n\t\t\t\t\t\t\t\t\t\t\t<\/div>\n\t\t\t\t\t\t\t\t<div class=\"elementor-field-type-text elementor-field-group elementor-column elementor-field-group-field_6 elementor-col-100 elementor-field-required elementor-mark-required\">\n\t\t\t\t\t\t\t\t\t\t\t\t<label for=\"form-field-field_6\" class=\"elementor-field-label\">\n\t\t\t\t\t\t\t\tT\u00e9l\u00e9phone\t\t\t\t\t\t\t<\/label>\n\t\t\t\t\t\t\t\t\t\t\t\t\t\t<input size=\"1\" type=\"text\" name=\"form_fields[field_6]\" id=\"form-field-field_6\" class=\"elementor-field elementor-size-md  elementor-field-textual\" required=\"required\">\n\t\t\t\t\t\t\t\t\t\t\t<\/div>\n\t\t\t\t\t\t\t\t<div class=\"elementor-field-type-email elementor-field-group elementor-column elementor-field-group-field_7 elementor-col-100 elementor-field-required elementor-mark-required\">\n\t\t\t\t\t\t\t\t\t\t\t\t<label for=\"form-field-field_7\" class=\"elementor-field-label\">\n\t\t\t\t\t\t\t\tE-mail\t\t\t\t\t\t\t<\/label>\n\t\t\t\t\t\t\t\t\t\t\t\t\t\t<input size=\"1\" type=\"email\" name=\"form_fields[field_7]\" id=\"form-field-field_7\" class=\"elementor-field elementor-size-md  elementor-field-textual\" required=\"required\">\n\t\t\t\t\t\t\t\t\t\t\t<\/div>\n\t\t\t\t\t\t\t\t<div class=\"elementor-field-type-text elementor-field-group elementor-column elementor-field-group-field_5 elementor-col-100 elementor-field-required elementor-mark-required\">\n\t\t\t\t\t\t\t\t\t\t\t\t<label for=\"form-field-field_5\" class=\"elementor-field-label\">\n\t\t\t\t\t\t\t\tSite Web\t\t\t\t\t\t\t<\/label>\n\t\t\t\t\t\t\t\t\t\t\t\t\t\t<input size=\"1\" type=\"text\" name=\"form_fields[field_5]\" id=\"form-field-field_5\" class=\"elementor-field elementor-size-md  elementor-field-textual\" required=\"required\">\n\t\t\t\t\t\t\t\t\t\t\t<\/div>\n\t\t\t\t\t\t\t\t<div class=\"elementor-field-type-upload elementor-field-group elementor-column elementor-field-group-field_7c7b785 elementor-col-100\">\n\t\t\t\t\t\t\t\t\t\t\t\t<label for=\"form-field-field_7c7b785\" class=\"elementor-field-label\">\n\t\t\t\t\t\t\t\tUtilisez le bouton ci-dessous pour t\u00e9l\u00e9charger votre mat\u00e9riel photo. Si vous souhaitez envoyer plusieurs photos (max. 5), veuillez les t\u00e9l\u00e9charger en une seule fois. Les types de fichiers autoris\u00e9s sont jpg, png, tiff et gif. Taille maximale : 15 Mo. Si vous ne pouvez pas t\u00e9l\u00e9charger les photos, veuillez les envoyer \u00e0 horecaexpo@easyfairs.com.\t\t\t\t\t\t\t<\/label>\n\t\t\t\t\t\t\t\t<input type=\"file\" name=\"form_fields[field_7c7b785][]\" id=\"form-field-field_7c7b785\" class=\"elementor-field elementor-size-md  elementor-upload-field\" multiple=\"multiple\" data-maxsize=\"15\" data-maxsize-message=\"This file exceeds the maximum allowed size.\">\n\n\t\t\t\t\t\t<\/div>\n\t\t\t\t\t\t\t\t<div class=\"elementor-field-group elementor-column elementor-field-type-submit elementor-col-100 e-form__buttons\">\n\t\t\t\t\t<button class=\"elementor-button elementor-size-md\" type=\"submit\">\n\t\t\t\t\t\t<span class=\"elementor-button-content-wrapper\">\n\t\t\t\t\t\t\t\t\t\t\t\t\t\t\t<span class=\"elementor-button-icon\">\n\t\t\t\t\t\t\t\t\t<i aria-hidden=\"true\" class=\"fas fa-paper-plane\"><\/i>\t\t\t\t\t\t\t\t\t\t\t\t\t\t\t\t\t<\/span>\n\t\t\t\t\t\t\t\t\t\t\t\t\t\t\t\t\t\t\t\t\t\t<span class=\"elementor-button-text\">Envoyer<\/span>\n\t\t\t\t\t\t\t\t\t\t\t\t\t<\/span>\n\t\t\t\t\t<\/button>\n\t\t\t\t<\/div>\n\t\t\t<\/div>\n\t\t<\/form>\n\t\t\t\t\t\t<\/div>\n\t\t\t\t<\/div>\n\t\t\t\t\t<\/div>\n\t\t<\/div>\n\t\t\t\t\t<\/div>\n\t\t<\/section>\n\t\t\t\t<\/div>\n\t\t","protected":false},"excerpt":{"rendered":"<p>Innovation Awards Horeca Expo r\u00e9compense les produits ou services les plus innovants qui apportent un vent de nouveaut\u00e9 dans le secteur ou peuvent offrir une solution \u00e0 de nombreux \u00e9tablissements de restauration. Un jury professionnel s\u00e9lectionne les laur\u00e9ats dans 6 cat\u00e9gories : FOOD BEVERAGES TECHNOLOGY KITCHEN EQUIPMENT &amp; SUPPLIES FURNITURE &amp; DECORATION HOTEL EQUIPMENT &amp; [&hellip;]<\/p>\n","protected":false},"author":44,"featured_media":0,"parent":0,"menu_order":0,"comment_status":"closed","ping_status":"closed","template":"","meta":{"_seopress_robots_primary_cat":"","_seopress_titles_title":"Formulaire d'inscription Innovation Awards Horeca Expo 2026","_seopress_titles_desc":"Remplissez le formulaire et concourez pour un Innovation Award d'Horeca Expo dans l'une des 6 cat\u00e9gories.","_seopress_robots_index":"","footnotes":""},"class_list":["post-105738","page","type-page","status-publish","hentry"],"_links":{"self":[{"href":"https:\/\/www.horecaexpo.be\/fr\/wp-json\/wp\/v2\/pages\/105738","targetHints":{"allow":["GET"]}}],"collection":[{"href":"https:\/\/www.horecaexpo.be\/fr\/wp-json\/wp\/v2\/pages"}],"about":[{"href":"https:\/\/www.horecaexpo.be\/fr\/wp-json\/wp\/v2\/types\/page"}],"author":[{"embeddable":true,"href":"https:\/\/www.horecaexpo.be\/fr\/wp-json\/wp\/v2\/users\/44"}],"replies":[{"embeddable":true,"href":"https:\/\/www.horecaexpo.be\/fr\/wp-json\/wp\/v2\/comments?post=105738"}],"version-history":[{"count":5,"href":"https:\/\/www.horecaexpo.be\/fr\/wp-json\/wp\/v2\/pages\/105738\/revisions"}],"predecessor-version":[{"id":284215,"href":"https:\/\/www.horecaexpo.be\/fr\/wp-json\/wp\/v2\/pages\/105738\/revisions\/284215"}],"wp:attachment":[{"href":"https:\/\/www.horecaexpo.be\/fr\/wp-json\/wp\/v2\/media?parent=105738"}],"curies":[{"name":"wp","href":"https:\/\/api.w.org\/{rel}","templated":true}]}}